{"id":1941,"date":"2025-01-18T16:07:00","date_gmt":"2025-01-18T15:07:00","guid":{"rendered":"https:\/\/vinruhlmann.fr\/mentions-legales\/"},"modified":"2025-07-07T22:41:00","modified_gmt":"2025-07-07T20:41:00","slug":"mentions-legales","status":"publish","type":"page","link":"https:\/\/vinruhlmann.fr\/zh-hans\/mentions-legales\/","title":{"rendered":"Mentions L\u00e9gales"},"content":{"rendered":"\t\t<div data-elementor-type=\"wp-page\" data-elementor-id=\"1941\" class=\"elementor elementor-1941 elementor-542\" data-elementor-post-type=\"page\">\n\t\t\t\t<div class=\"elementor-element elementor-element-1d6680f e-flex e-con-boxed e-con e-parent\" data-id=\"1d6680f\" data-element_type=\"container\" data-e-type=\"container\">\n\t\t\t\t\t<div class=\"e-con-inner\">\n\t\t\t\t<div class=\"elementor-element elementor-element-ad81987 elementor-widget elementor-widget-text-editor\" data-id=\"ad81987\" data-element_type=\"widget\" data-e-type=\"widget\" data-widget_type=\"text-editor.default\">\n\t\t\t\t\t\t\t\t\t<p>Propri\u00e9taire et\/ou \u00e9diteur du site : <strong>https:\/\/vinruhlmann.fr<\/strong><\/p><h3><strong>EARL GILBERT RUHLMANN FILS<br><\/strong><\/h3><p>EARL \u2013 Exploitation agricole \u00e0 responsabilit\u00e9 limit\u00e9e au capital de 105 000,00 \u20ac<br>RC COLMAR \u2013 FRANCE \u2013 SIREN 414418442<br>Si\u00e8ge social : 31 RUE DE L ORTENBOURG 67750 SCHERWILLER<br>Email : <a href=\"mailto:vin.ruhlmann@terre-net.fr\">info@vinruhlmann.fr<\/a><\/p><p>Directeur\/trice de la publication : Guy RUHLMANN \u2013<br>R\u00e9dacteur\/trice Web: Guy RUHLMANN<\/p><p><strong>D\u00e9veloppement du site : Ruhlmann Valentin<\/strong><\/p><p><strong>Copyright des photographies :<\/strong><br><strong>Lucas MULLER \u2013 LUKAM <\/strong><a href=\"http:\/\/https\/\/www.lukam.fr\/\">http:\/\/https\/\/www.lukam.fr\/<\/a><\/p><p><strong>H\u00e9bergement :<\/strong><br>Ce site est h\u00e9berg\u00e9 par OVH SAS<br>2 rue Kellermann \u2013 59100 Roubaix \u2013 France<br>RCS : LILLE M\u00c9TROPOLE \u2013 FRANCE \u2013 SIREN : 537 407 926 \u2013 TVA : FR 22 424 761 419<\/p><p><strong>Donn\u00e9es personnelles<\/strong><\/p><p>Se reporter \u00e0 la charte \u00ab Politique de confidentialit\u00e9 \u00bb<\/p><p><strong>Droits d\u2019auteur et Marques<\/strong><\/p><p><strong>Droits d\u2019auteur<\/strong><br>La totalit\u00e9 des \u00e9l\u00e9ments du site https:\/\/vinruhlmann.fr , notamment les textes, pr\u00e9sentations, illustrations, photographies, arborescences et mises en forme sont, sauf documents publics et pr\u00e9cisions compl\u00e9mentaires, la propri\u00e9t\u00e9 intellectuelle exclusive de la soci\u00e9t\u00e9 EARL GILBERT RUHLMANN FILS ou de ses partenaires.<br>A ce titre, leurs repr\u00e9sentations, reproductions, imbrications, diffusions et rediffusions, partielles ou totales, sont interdites conform\u00e9ment aux dispositions du Code de la propri\u00e9t\u00e9 intellectuelle. Toute personne y proc\u00e9dant sans pouvoir justifier d\u2019une autorisation pr\u00e9alable et expresse du d\u00e9tenteur de ces droits encourt les peines relatives au d\u00e9lit de contrefa\u00e7on pr\u00e9vues au Code de la propri\u00e9t\u00e9 intellectuelle.<br>En outre, les repr\u00e9sentations, reproductions, imbrications, diffusions et rediffusions, partielles ou totales, de la base de donn\u00e9es contenue dans le site https:\/\/vinruhlmann.fr sont interdites en vertu des dispositions du Code de la propri\u00e9t\u00e9 intellectuelle.<br>En tout \u00e9tat de cause, sur toute copie autoris\u00e9e de tout ou partie du contenu du site, devra figurer la mention \u00ab Copyright EARL GILBERT RUHLMANN FILStous droits r\u00e9serv\u00e9s \u00bb. <\/p><p><strong>Marques<\/strong><br>Les marques et logos contenus dans le site https:\/\/vinruhlmann.fr sont d\u00e9pos\u00e9s par EARL GILBERT RUHLMANN FILS, ou \u00e9ventuellement par un de ses partenaires. A ce titre, toute personne proc\u00e9dant \u00e0 leurs repr\u00e9sentations, reproductions, imbrications, diffusions et rediffusions encourt les sanctions pr\u00e9vues au Code de la propri\u00e9t\u00e9 intellectuelle. <\/p><p><strong>Contrefa\u00e7on<br><\/strong>Toute reproduction ou repr\u00e9sentation, en tout ou partie, \u00e0 d\u2019autres fins sur un quelconque support est interdite. Le non-respect de cette interdiction constitue une contrefa\u00e7on pouvant engager la responsabilit\u00e9 civile et p\u00e9nale du contrefacteur. Les informations contenues dans ce service sont non contractuelles et sujettes \u00e0 modification sans pr\u00e9avis.  <\/p><p>Derni\u00e8re Mise \u00e0 Jour : <strong>12 novembre 2024<\/strong>.<\/p><p><strong>\u00a9 2025 EARL GILBERT RUHLMANN FILS. <\/strong><strong>Tous droits r\u00e9serv\u00e9s.<\/strong><\/p>\t\t\t\t\t\t\t\t<\/div>\n\t\t\t\t\t<\/div>\n\t\t\t\t<\/div>\n\t\t\t\t<\/div>\n\t\t","protected":false},"excerpt":{"rendered":"<p>Propri\u00e9taire et\/ou \u00e9 [&hellip;]<\/p>\n","protected":false},"author":2,"featured_media":0,"parent":0,"menu_order":0,"comment_status":"closed","ping_status":"closed","template":"","meta":{"_acf_changed":false,"site-sidebar-layout":"no-sidebar","site-content-layout":"","ast-site-content-layout":"full-width-container","site-content-style":"default","site-sidebar-style":"default","ast-global-header-display":"","ast-banner-title-visibility":"","ast-main-header-display":"","ast-hfb-above-header-display":"","ast-hfb-below-header-display":"","ast-hfb-mobile-header-display":"","site-post-title":"disabled","ast-breadcrumbs-content":"","ast-featured-img":"disabled","footer-sml-layout":"","ast-disable-related-posts":"","theme-transparent-header-meta":"","adv-header-id-meta":"","stick-header-meta":"","header-above-stick-meta":"","header-main-stick-meta":"","header-below-stick-meta":"","astra-migrate-meta-layouts":"default","ast-page-background-enabled":"default","ast-page-background-meta":{"desktop":{"background-color":"var(--ast-global-color-5)","background-image":"","background-repeat":"repeat","background-position":"center center","background-size":"auto","background-attachment":"scroll","background-type":"","background-media":"","overlay-type":"","overlay-color":"","overlay-opacity":"","overlay-gradient":""},"tablet":{"background-color":"","background-image":"","background-repeat":"repeat","background-position":"center center","background-size":"auto","background-attachment":"scroll","background-type":"","background-media":"","overlay-type":"","overlay-color":"","overlay-opacity":"","overlay-gradient":""},"mobile":{"background-color":"","background-image":"","background-repeat":"repeat","background-position":"center center","background-size":"auto","background-attachment":"scroll","background-type":"","background-media":"","overlay-type":"","overlay-color":"","overlay-opacity":"","overlay-gradient":""}},"ast-content-background-meta":{"desktop":{"background-color":"var(--ast-global-color-4)","background-image":"","background-repeat":"repeat","background-position":"center center","background-size":"auto","background-attachment":"scroll","background-type":"","background-media":"","overlay-type":"","overlay-color":"","overlay-opacity":"","overlay-gradient":""},"tablet":{"background-color":"var(--ast-global-color-4)","background-image":"","background-repeat":"repeat","background-position":"center center","background-size":"auto","background-attachment":"scroll","background-type":"","background-media":"","overlay-type":"","overlay-color":"","overlay-opacity":"","overlay-gradient":""},"mobile":{"background-color":"var(--ast-global-color-4)","background-image":"","background-repeat":"repeat","background-position":"center center","background-size":"auto","background-attachment":"scroll","background-type":"","background-media":"","overlay-type":"","overlay-color":"","overlay-opacity":"","overlay-gradient":""}},"footnotes":""},"class_list":["post-1941","page","type-page","status-publish","hentry"],"acf":[],"_links":{"self":[{"href":"https:\/\/vinruhlmann.fr\/zh-hans\/wp-json\/wp\/v2\/pages\/1941","targetHints":{"allow":["GET"]}}],"collection":[{"href":"https:\/\/vinruhlmann.fr\/zh-hans\/wp-json\/wp\/v2\/pages"}],"about":[{"href":"https:\/\/vinruhlmann.fr\/zh-hans\/wp-json\/wp\/v2\/types\/page"}],"author":[{"embeddable":true,"href":"https:\/\/vinruhlmann.fr\/zh-hans\/wp-json\/wp\/v2\/users\/2"}],"replies":[{"embeddable":true,"href":"https:\/\/vinruhlmann.fr\/zh-hans\/wp-json\/wp\/v2\/comments?post=1941"}],"version-history":[{"count":0,"href":"https:\/\/vinruhlmann.fr\/zh-hans\/wp-json\/wp\/v2\/pages\/1941\/revisions"}],"wp:attachment":[{"href":"https:\/\/vinruhlmann.fr\/zh-hans\/wp-json\/wp\/v2\/media?parent=1941"}],"curies":[{"name":"wp","href":"https:\/\/api.w.org\/{rel}","templated":true}]}}