{"id":1931,"date":"2025-01-18T16:23:39","date_gmt":"2025-01-18T15:23:39","guid":{"rendered":"https:\/\/vinruhlmann.fr\/politique-dutilisation-des-cookies\/"},"modified":"2025-07-07T22:23:58","modified_gmt":"2025-07-07T20:23:58","slug":"politique-dutilisation-des-cookies","status":"publish","type":"page","link":"https:\/\/vinruhlmann.fr\/zh-hans\/politique-dutilisation-des-cookies\/","title":{"rendered":"Politique d&#8217;utilisation des cookies"},"content":{"rendered":"\t\t<div data-elementor-type=\"wp-page\" data-elementor-id=\"1931\" class=\"elementor elementor-1931 elementor-567\" data-elementor-post-type=\"page\">\n\t\t\t\t<div class=\"elementor-element elementor-element-a46577d e-flex e-con-boxed e-con e-parent\" data-id=\"a46577d\" data-element_type=\"container\" data-e-type=\"container\">\n\t\t\t\t\t<div class=\"e-con-inner\">\n\t\t\t\t<div class=\"elementor-element elementor-element-37266b9 elementor-widget elementor-widget-text-editor\" data-id=\"37266b9\" data-element_type=\"widget\" data-e-type=\"widget\" data-widget_type=\"text-editor.default\">\n\t\t\t\t\t\t\t\t\t<p><strong>Information concernant l\u2019utilisation des cookies sur le site : https:\/\/vinruhlmann.fr<br><\/strong><\/p><h3><strong>EARL GILBERT RUHLMANN FILS<br><\/strong><\/h3><p>EARL \u2013 Exploitation agricole \u00e0 responsabilit\u00e9 limit\u00e9e au capital de 105 000,00 \u20ac<br>RC COLMAR \u2013 FRANCE \u2013 SIREN 414418442<br>Si\u00e8ge social : 31 RUE DE L ORTENBOURG 67750 SCHERWILLER<br>Email : <a href=\"mailto:info@vinruhlmann.fr\">info@vinruhlmann.fr<\/a><\/p><p>Les sites de EARL GILBERT RUHLMANN FILS utilisent des cookies pour des raisons vari\u00e9es.<\/p><p>Ils permettent notamment \u00e0 EARL GILBERT RUHLMANN FILS de comprendre comment les utilisateurs naviguent sur nos sites et ceux de nos partenaires et clients, et d\u2019obtenir des donn\u00e9es \u00e0 partir desquelles nous pourrons am\u00e9liorer l\u2019exp\u00e9rience de navigation \u00e0 l\u2019avenir, de vous adresser des offres personnalis\u00e9es, de vous identifier lorsque vous acc\u00e9dez \u00e0 votre compte client, de garder des articles dans votre panier d\u2019achat apr\u00e8s d\u00e9connexion, mais aussi de financer indirectement les services gratuits que nous vous proposons et qui vous sont fournis par nos diff\u00e9rents sites.<\/p><p>Cette page permet de comprendre ce qu\u2019est un Cookie, \u00e0 quoi il sert et comment le param\u00e9trer.<\/p><ol><li><strong>Qu\u2019est-ce qu\u2019un cookie?<\/strong><\/li><\/ol><p>Un cookie (ci-apr\u00e8s le(s) \u201cCookie(s) \u201c) est un fichier texte d\u00e9pos\u00e9 par les serveurs des sites web consult\u00e9s ou par des serveurs tiers, dans un espace d\u00e9di\u00e9 du disque dur de votre terminal (ordinateur, tablette, t\u00e9l\u00e9phone mobile ou tout autre appareil optimis\u00e9 pour Internet), lors de la consultation d\u2019un contenu ou d\u2019une publicit\u00e9 en ligne. Il enregistre des informations relatives \u00e0 votre navigation sur internet. <\/p><p>Ce fichier Cookie ne peut \u00eatre lu que par son \u00e9metteur \u00e0 qui il permet, pendant sa dur\u00e9e de validit\u00e9, de reconna\u00eetre le terminal concern\u00e9 \u00e0 chaque fois que ce terminal acc\u00e8de \u00e0 un contenu num\u00e9rique comportant des Cookies dudit \u00e9metteur. Le Cookie ne vous identifie pas personnellement, mais uniquement le navigateur de votre terminal. <\/p><p>Lors de votre connexion sur nos sites, une banni\u00e8re s\u2019affiche. Sous r\u00e9serve de votre choix, des Cookies seront stock\u00e9s dans la m\u00e9moire de votre ordinateur, smartphone, tablette, mobile etc. Les informations ainsi collect\u00e9es peuvent \u00eatre utilis\u00e9es par le site consult\u00e9 ou par un tiers, telle qu\u2019une r\u00e9gie publicitaire, ou tout autre partenaire.  <\/p><p>La dur\u00e9e de validit\u00e9 du cookie est de 13 (treize) mois maximum, \u00e0 compter du jour o\u00f9 vous avez donn\u00e9 votre consentement \u00e0 l\u2019int\u00e9gration dudit cookie.<\/p><p>Vous avez cependant la possibilit\u00e9 de les effacer de votre terminal \u00e0 tout moment.<\/p><p>Il existe plusieurs types de Cookies et diff\u00e9rents moyens de s\u2019y opposer (voir point 2).<\/p><p>Vous avez la possibilit\u00e9 de refuser l\u2019enregistrement des Cookies sur votre appareil et vous pouvez le faire \u00e0 tout moment via votre logiciel de navigation, selon la proc\u00e9dure d\u00e9crite au point 3 du pr\u00e9sent document.<\/p><p>Cependant, le refus de certains Cookies peut causer la d\u00e9gradation d\u2019un certain nombre de fonctionnalit\u00e9s n\u00e9cessaires \u00e0 la navigation sur le Site Internet (difficult\u00e9s d\u2019enregistrement ou d\u2019affichage, etc.). Nous ne saurions, en pareil cas, \u00eatre responsables de ces dysfonctionnements. <\/p><p>Par ailleurs, d\u00e9sactiver les Cookies de publicit\u00e9 ne signifie pas que vous ne recevrez pas de publicit\u00e9 mais simplement que celle-ci ne sera plus adapt\u00e9e \u00e0 vos int\u00e9r\u00eats.<\/p><p>Attention, la prise en compte de vos diff\u00e9rents souhaits repose sur un Cookie ou plusieurs Cookies d\u00e9termin\u00e9s. Si vous supprimez tous les Cookies enregistr\u00e9s au sein de votre terminal concernant nos sites, nous ne saurons plus quel consentement ou quel refus vous avez \u00e9mis. Cela reviendra donc \u00e0 r\u00e9initialiser votre consentement et vous devrez donc \u00e0 nouveau refuser le ou les Cookies que vous ne souhaitez pas conserver. De m\u00eame, si vous utilisez un autre navigateur Internet, vous devrez \u00e0 nouveau refuser ces Cookies car vos choix, comme les cookies auxquels ils se rapportent, d\u00e9pendent du navigateur et du terminal (ordinateur, tablette, smartphone, etc.) que vous utilisez pour consulter nos sites.   <\/p><ol start=\"2\"><li><strong>\u00c0 quoi servent les cookies que nous utilisons ?<\/strong><\/li><\/ol><p>Afin de vous permettre de prendre la mesure de l\u2019utilit\u00e9 que repr\u00e9sente pour vous tel ou tel cookie, une pr\u00e9sentation des diff\u00e9rents types de cookies suit.<\/p><p><strong>Les cookies strictement n\u00e9cessaires<\/strong><\/p><p>Ces cookies sont indispensables afin de naviguer sur le site et profiter de ses fonctionnalit\u00e9s, telles que l\u2019acc\u00e8s aux zones s\u00e9curis\u00e9es du site Web. Les services sollicit\u00e9s, comme des formulaires de concours, ne pourraient pas \u00eatre fournis sans les cookies. <\/p><p><strong>Les cookies de performance<\/strong><\/p><p>Ces cookies recueillent des informations sur la fa\u00e7on dont les visiteurs utilisent un site Web. Par exemple, les pages les plus visit\u00e9es et si des messages d\u2019erreur sont \u00e9mis. Les cookies ne recueillent pas de donn\u00e9es permettant d\u2019identifier les visiteurs. Dans la mesure o\u00f9 toutes les informations recueillies par ces cookies sont rassembl\u00e9es, elles demeurent anonymes. Ces cookies sont uniquement destin\u00e9s \u00e0 am\u00e9liorer le fonctionnement du site Web.    <\/p><p>Ces Cookies permettent de mesurer le trafic ou l\u2019audience, associ\u00e9 \u00e0 notre site internet, aux pages visit\u00e9es et aux interactions r\u00e9alis\u00e9es sur le Site lors de votre visite. Les d\u00e9sactiver emp\u00eache donc toute collecte d\u2019informations relatives \u00e0 votre navigation sur notre Site et donc la proposition de contenus adapt\u00e9s en fonction de votre navigation. <\/p><p><strong>Les cookies de fonctionnalit\u00e9s<\/strong><\/p><p>Ces cookies permettent aux sites de m\u00e9moriser les choix que vous avez effectu\u00e9s (comme votre nom d\u2019utilisateur, la langue choisie ou la r\u00e9gion o\u00f9 vous vous trouvez) et fournir des caract\u00e9ristiques plus pr\u00e9cises et personnelles. Ces cookies peuvent aussi \u00eatre utilis\u00e9s pour m\u00e9moriser les modifications apport\u00e9es par l\u2019utilisateur, comme la taille du texte ou la police de caract\u00e8res. Ils peuvent \u00e9galement servir pour fournir des services que vous avez sollicit\u00e9s, comme regarder une vid\u00e9o ou laisser un commentaire sur un blog. Les informations collect\u00e9es par ces cookies peuvent \u00eatre rendues anonymes et ne peuvent pas suivre votre activit\u00e9 de navigation sur d\u2019autres sites.   <\/p><p><strong>Les cookies cibl\u00e9s ou cookies publicitaires<\/strong><\/p><p>Ces cookies collectent des informations concernant vos habitudes en mati\u00e8re de navigation Internet afin de vous proposer des publicit\u00e9s qui vous sont adapt\u00e9es et correspondent \u00e0 vos centres d\u2019int\u00e9r\u00eat. Ils permettent \u00e9galement de limiter le nombre de fois que vous verrez une publicit\u00e9 et nous aident \u00e0 \u00e9valuer l\u2019efficacit\u00e9 de nos campagnes publicitaires. <\/p><p>Les informations sont collect\u00e9es et partag\u00e9es avec des tiers pour proposer des ciblages d\u2019audience et des solutions d\u2019optimisation pour les annonceurs publicitaires et les \u00e9diteurs. Aucune donn\u00e9e personnelle n\u2019est recueillie et un individu ne peut \u00eatre identifi\u00e9 via les donn\u00e9es collect\u00e9es. <\/p><p><strong>Les cookies provenant des sites internet tiers<\/strong><\/p><p>Notre site Internet contient des liens renvoyant vers d\u2019autres sites, et nous ne savons pas quels sont les cookies utilis\u00e9s par ces derniers. Pour en savoir plus, veuillez consulter les informations fournies par ces sites tiers sur leurs propres cookies. <\/p><p><strong>Les cookies des r\u00e9seaux sociaux<\/strong><\/p><p>Pour vous permettre de partager des articles et contenus avec vos proches ou de les commenter, nos sites contiennent des liens de partage vers des r\u00e9seaux sociaux (Facebook, Twitter\u2026). Lorsque vous utilisez ces boutons de partage, un cookie tiers est install\u00e9. Si vous \u00eates connect\u00e9s au r\u00e9seau social lors de votre navigation sur notre site, les boutons de partage permettent de relier les contenus consult\u00e9s \u00e0 votre compte utilisateur.  <\/p><p>Pour prendre connaissance de l\u2019objectif et de l\u2019\u00e9tendue de la collecte de donn\u00e9es, du traitement et de l\u2019utilisation des donn\u00e9es par le(s) r\u00e9seau(x) social(aux) au(x)quel(s) vous appartenez, ainsi que de vos droits et possibilit\u00e9s de modification des param\u00e8tres pour la protection de votre vie priv\u00e9e, nous vous invitons \u00e0 prendre connaissance de leur politique de gestion des Cookies sur leurs sites.<\/p><p><strong>Facebook<\/strong><br><a href=\"https:\/\/fr-fr.facebook.com\/policies\/cookies\/\" rel=\"noopener\">https:\/\/fr-fr.facebook.com\/policies\/cookies\/<\/a><\/p><p><strong>Twitter<\/strong><br><a href=\"https:\/\/help.twitter.com\/fr\/safety-and-security\/twitter-do-not-track\" rel=\"noopener\">https:\/\/help.twitter.com\/fr\/safety-and-security\/twitter-do-not-track<\/a><\/p><p><strong>Google<\/strong><br><a href=\"https:\/\/support.google.com\/accounts\/answer\/61416?hl=fr\" rel=\"noopener\">https:\/\/support.google.com\/accounts\/answer\/61416?hl=fr<\/a><\/p><p><strong>Instagram<\/strong><br><a href=\"https:\/\/help.instagram.com\/1896641480634370\" rel=\"noopener\">https:\/\/help.instagram.com\/1896641480634370<\/a><\/p><p><strong>Pinterest<\/strong><br><a href=\"https:\/\/policy.pinterest.com\/fr\/cookies\" rel=\"noopener\">https:\/\/policy.pinterest.com\/fr\/cookies<\/a><\/p><ol start=\"3\"><li><strong>Comment exprimer vos choix concernant les cookies ?<\/strong><\/li><\/ol><p>Plusieurs possibilit\u00e9s vous sont offertes pour g\u00e9rer les Cookies, les accepter ou les refuser.<br>Vous pouvez :<br>\u2013 manifester votre choix en param\u00e9trant votre navigateur internet (a),<br>\u2013 s\u2019agissant des cookies \u00e9mis par EARL GILBERT RUHLMANN FILS, vous y opposer conform\u00e9ment \u00e0 la proc\u00e9dure simple et accessible d\u00e9crites ci-apr\u00e8s (b) ;<br>\u2013 s\u2019agissant des cookies publicitaires, recourir \u00e0 un outil \u00e9dit\u00e9 par les professionnels de la publicit\u00e9 digitale (c) ;<br>\u2013 vous y opposer directement aupr\u00e8s de l\u2019\u00e9metteur de ce cookie s\u2019agissant des cookies analytiques ou prendre connaissance de la politique de confidentialit\u00e9 relative au r\u00e9seau social que vous utilisez, et g\u00e9rer ainsi le d\u00e9p\u00f4t des cookies provenant dudit r\u00e9seau social.<\/p><ol><li><strong>a) Param\u00e9trer votre navigateur<\/strong><\/li><\/ol><p>La plupart des navigateurs acceptent les cookies par d\u00e9faut. Cependant, vous pouvez d\u00e9cider de bloquer ces cookies ou demander \u00e0 votre navigateur de vous avertir lorsqu\u2019un site tente d\u2019impl\u00e9menter un cookie sur votre terminal. Dans ce contexte, nous vous informons que vous pouvez param\u00e9trer votre navigateur pour refuser l\u2019impl\u00e9mentation de cookies. Pour la gestion des cookies et de vos choix, la configuration de chaque navigateur est diff\u00e9rente. Elle est d\u00e9crite dans le menu d\u2019aide de votre navigateur, qui vous permettra de savoir de quelle mani\u00e8re modifier vos souhaits en mati\u00e8re de cookies.    <\/p><p><strong>Safari<\/strong><br><a href=\"https:\/\/www.apple.com\/legal\/privacy\/fr-ww\/cookies\/\" rel=\"noopener\">https:\/\/www.apple.com\/legal\/privacy\/fr-ww\/cookies\/<\/a><\/p><p><strong>Opera<\/strong><br><a href=\"http:\/\/help.opera.com\/Windows\/10.20\/fr\/cookies.html\" rel=\"noopener\">http:\/\/help.opera.com\/Windows\/10.20\/fr\/cookies.html<\/a><\/p><p><strong>Chrome<\/strong><br><a href=\"https:\/\/support.google.com\/chrome\/answer\/95647?hl=fr&amp;hlrm=fr\" rel=\"noopener\">https:\/\/support.google.com\/chrome\/answer\/95647?hl=fr&amp;hlrm=fr<\/a><\/p><p><strong>Internet Explorer<\/strong><br><a href=\"http:\/\/windows.microsoft.com\/fr-FR\/windows-vista\/Block-or-allow-cookies\" rel=\"noopener\">http:\/\/windows.microsoft.com\/fr-FR\/windows-vista\/Block-or-allow-cookies<\/a><\/p><p><strong>FireFox<\/strong><br><a href=\"https:\/\/support.mozilla.org\/fr\/kb\/activer-desactiver-cookies?redirectlocale=fr&amp;redirectslug=Activer+et+d%C3%A9sactiver+les+cookies\" rel=\"noopener\">https:\/\/support.mozilla.org\/fr\/kb\/activer-desactiver-cookies?redirectlocale=fr&amp;redirectslug=Activer+et+d%C3%A9sactiver+les+cookies<\/a><\/p><ol><li><strong>b) Manifester vos choix aupr\u00e8s de EARL GILBERT RUHLMANN FILS<br><\/strong><\/li><\/ol><p>EARL GILBERT RUHLMANN FILS a mis en place un outil de gestion du consentement relatif aux Cookies accessible \u00e0 partir du bandeau d\u2019information qui s\u2019affiche lors de la connexion au site.<\/p><ol><li><strong>c) Exprimer vos choix en ligne aupr\u00e8s de plateformes interprofessionnelles pour refuser les seuls cookies publicitaires<\/strong><\/li><\/ol><p>La Plateforme \u00ab Youronlinechoices \u00bb, propos\u00e9e par les professionnels de la publicit\u00e9 digitale regroup\u00e9s au sein de l\u2019association europ\u00e9enne EDAA (European Digital Advertising Alliance) et g\u00e9r\u00e9e en France par l\u2019Interactive Advertising Bureau France, vous offre la possibilit\u00e9 de refuser ou d\u2019accepter les cookies utilis\u00e9s par ses entreprises adh\u00e9rentes pour adapter \u00e0 vos informations de navigation les publicit\u00e9s susceptibles d\u2019\u00eatre affich\u00e9es sur votre terminal : <a href=\"http:\/\/www.youronlinechoices.com\/fr\/controler-ses-cookies\/\" rel=\"noopener\">http:\/\/www.youronlinechoices.com\/fr\/controler-ses-cookies\/<\/a>.<\/p><p>Attention, votre choix n\u2019emp\u00eachera pas l\u2019affichage de publicit\u00e9s mais bloquera les technologies qui permettent d\u2019adapter des publicit\u00e9s \u00e0 vos centres d\u2019int\u00e9r\u00eats.<\/p><p><strong>Plus d\u2019informations sur les cookies<\/strong><\/p><p><a href=\"https:\/\/www.cnil.fr\/fr\/cookies-les-outils-pour-les-maitriser\" rel=\"noopener\">https:\/\/www.cnil.fr\/fr\/cookies-les-outils-pour-les-maitriser<\/a><\/p><p>Derni\u00e8re Mise \u00e0 Jour : <strong>12 novembre 2021<\/strong>.<\/p><p><strong>\u00a9 2022 EARL GILBERT RUHLMANN FILS. <\/strong><strong>Tous droits r\u00e9serv\u00e9s.<\/strong><\/p>\t\t\t\t\t\t\t\t<\/div>\n\t\t\t\t\t<\/div>\n\t\t\t\t<\/div>\n\t\t\t\t<\/div>\n\t\t","protected":false},"excerpt":{"rendered":"<p>Information concerna [&hellip;]<\/p>\n","protected":false},"author":2,"featured_media":0,"parent":0,"menu_order":0,"comment_status":"closed","ping_status":"closed","template":"","meta":{"_acf_changed":false,"site-sidebar-layout":"no-sidebar","site-content-layout":"","ast-site-content-layout":"full-width-container","site-content-style":"default","site-sidebar-style":"default","ast-global-header-display":"","ast-banner-title-visibility":"","ast-main-header-display":"","ast-hfb-above-header-display":"","ast-hfb-below-header-display":"","ast-hfb-mobile-header-display":"","site-post-title":"disabled","ast-breadcrumbs-content":"","ast-featured-img":"disabled","footer-sml-layout":"","ast-disable-related-posts":"","theme-transparent-header-meta":"","adv-header-id-meta":"","stick-header-meta":"","header-above-stick-meta":"","header-main-stick-meta":"","header-below-stick-meta":"","astra-migrate-meta-layouts":"default","ast-page-background-enabled":"default","ast-page-background-meta":{"desktop":{"background-color":"var(--ast-global-color-5)","background-image":"","background-repeat":"repeat","background-position":"center center","background-size":"auto","background-attachment":"scroll","background-type":"","background-media":"","overlay-type":"","overlay-color":"","overlay-opacity":"","overlay-gradient":""},"tablet":{"background-color":"","background-image":"","background-repeat":"repeat","background-position":"center center","background-size":"auto","background-attachment":"scroll","background-type":"","background-media":"","overlay-type":"","overlay-color":"","overlay-opacity":"","overlay-gradient":""},"mobile":{"background-color":"","background-image":"","background-repeat":"repeat","background-position":"center center","background-size":"auto","background-attachment":"scroll","background-type":"","background-media":"","overlay-type":"","overlay-color":"","overlay-opacity":"","overlay-gradient":""}},"ast-content-background-meta":{"desktop":{"background-color":"var(--ast-global-color-4)","background-image":"","background-repeat":"repeat","background-position":"center center","background-size":"auto","background-attachment":"scroll","background-type":"","background-media":"","overlay-type":"","overlay-color":"","overlay-opacity":"","overlay-gradient":""},"tablet":{"background-color":"var(--ast-global-color-4)","background-image":"","background-repeat":"repeat","background-position":"center center","background-size":"auto","background-attachment":"scroll","background-type":"","background-media":"","overlay-type":"","overlay-color":"","overlay-opacity":"","overlay-gradient":""},"mobile":{"background-color":"var(--ast-global-color-4)","background-image":"","background-repeat":"repeat","background-position":"center center","background-size":"auto","background-attachment":"scroll","background-type":"","background-media":"","overlay-type":"","overlay-color":"","overlay-opacity":"","overlay-gradient":""}},"footnotes":""},"class_list":["post-1931","page","type-page","status-publish","hentry"],"acf":[],"_links":{"self":[{"href":"https:\/\/vinruhlmann.fr\/zh-hans\/wp-json\/wp\/v2\/pages\/1931","targetHints":{"allow":["GET"]}}],"collection":[{"href":"https:\/\/vinruhlmann.fr\/zh-hans\/wp-json\/wp\/v2\/pages"}],"about":[{"href":"https:\/\/vinruhlmann.fr\/zh-hans\/wp-json\/wp\/v2\/types\/page"}],"author":[{"embeddable":true,"href":"https:\/\/vinruhlmann.fr\/zh-hans\/wp-json\/wp\/v2\/users\/2"}],"replies":[{"embeddable":true,"href":"https:\/\/vinruhlmann.fr\/zh-hans\/wp-json\/wp\/v2\/comments?post=1931"}],"version-history":[{"count":0,"href":"https:\/\/vinruhlmann.fr\/zh-hans\/wp-json\/wp\/v2\/pages\/1931\/revisions"}],"wp:attachment":[{"href":"https:\/\/vinruhlmann.fr\/zh-hans\/wp-json\/wp\/v2\/media?parent=1931"}],"curies":[{"name":"wp","href":"https:\/\/api.w.org\/{rel}","templated":true}]}}