{"id":1921,"date":"2025-01-18T16:19:33","date_gmt":"2025-01-18T15:19:33","guid":{"rendered":"https:\/\/vinruhlmann.fr\/politique-de-confidentialite\/"},"modified":"2025-07-07T21:49:46","modified_gmt":"2025-07-07T19:49:46","slug":"politique-de-confidentialite","status":"publish","type":"page","link":"https:\/\/vinruhlmann.fr\/zh-hans\/politique-de-confidentialite\/","title":{"rendered":"Politique de Confidentialit\u00e9"},"content":{"rendered":"\t\t<div data-elementor-type=\"wp-page\" data-elementor-id=\"1921\" class=\"elementor elementor-1921 elementor-559\" data-elementor-post-type=\"page\">\n\t\t\t\t<div class=\"elementor-element elementor-element-2977268 e-flex e-con-boxed e-con e-parent\" data-id=\"2977268\" data-element_type=\"container\" data-e-type=\"container\">\n\t\t\t\t\t<div class=\"e-con-inner\">\n\t\t\t\t<div class=\"elementor-element elementor-element-7485bea elementor-widget elementor-widget-text-editor\" data-id=\"7485bea\" data-element_type=\"widget\" data-e-type=\"widget\" data-widget_type=\"text-editor.default\">\n\t\t\t\t\t\t\t\t\t<p>Cette politique de confidentialit\u00e9 couvre les services fournis par EARL GILBERT RUHLMANN FILS sur le site \u201c <strong>https:\/\/vinruhlmann.fr<\/strong>\u201c.<\/p><h3><strong>EARL GILBERT RUHLMANN FILS<br><\/strong><\/h3><p>EARL \u2013 Exploitation agricole \u00e0 responsabilit\u00e9 limit\u00e9e au capital de 105 000,00 \u20ac<br>RC COLMAR \u2013 FRANCE \u2013 SIREN 414418442<br>Si\u00e8ge social : 31 RUE DE L ORTENBOURG 67750 SCHERWILLER<br>Email : <a href=\"mailto:info@vinruhlmann.fr\">info@vinruhlmann.fr<\/a><\/p><p>Cette politique de confidentialit\u00e9 fournit des d\u00e9tails sur la mani\u00e8re dont nous traitons les donn\u00e9es personnelles conform\u00e9ment \u00e0 nos obligations en vertu du r\u00e8glement g\u00e9n\u00e9ral sur la protection des donn\u00e9es (n \u00b0 2016\/679) (\u00ab RGPD\u00bb), de la loi sur la protection des donn\u00e9es 2018 et de toute autre loi applicable \u00e0 nous en ce qui concerne le traitement des donn\u00e9es personnelles (collectivement d\u00e9nomm\u00e9es \u00ablois sur la protection des donn\u00e9es\u00bb). Dans cette politique de confidentialit\u00e9, \u00ab responsable du traitement \u00bb, \u00ab donn\u00e9es personnelles \u00bb et \u00ab processus \u00bb (et ses d\u00e9riv\u00e9s) ont la signification donn\u00e9e \u00e0 ces termes dans les lois sur la protection des donn\u00e9es. <\/p><p>Les donn\u00e9es personnelles d\u00e9signent g\u00e9n\u00e9ralement les informations qui peuvent \u00eatre utilis\u00e9es pour identifier individuellement une personne, et le traitement couvre g\u00e9n\u00e9ralement les actions qui peuvent \u00eatre effectu\u00e9es en relation avec des donn\u00e9es telles que la collecte, l\u2019utilisation, le stockage et la divulgation. EARL GILBERT RUHLMANN FILS sera le contr\u00f4leur de vos donn\u00e9es personnelles trait\u00e9es dans le cadre de nos services.<br>EARL GILBERT RUHLMANN FILS et les accompagnateurs qui op\u00e8rent sur <strong>https:\/\/vinruhlmann.fr<\/strong> (\u00abAccompagnateur Num\u00e9rique\u00bb) sont des contr\u00f4leurs conjoints en ce qui concerne toutes les donn\u00e9es personnelles. <\/p><p>Le but de cette politique de confidentialit\u00e9 est d\u2019expliquer les activit\u00e9s de traitement des donn\u00e9es de EARL GILBERT RUHLMANN FILS, y compris comment et pourquoi nous traitons les donn\u00e9es personnelles. En outre, cette politique de confidentialit\u00e9 d\u00e9crit nos devoirs et responsabilit\u00e9s concernant la protection de ces donn\u00e9es personnelles. La mani\u00e8re dont nous traitons les donn\u00e9es personnelles \u00e9voluera au fil du temps et nous mettrons \u00e0 jour cette politique de temps en temps pour refl\u00e9ter l\u2019\u00e9volution des pratiques.  <\/p><p><strong>Donn\u00e9es personnelles que nous collectons<\/strong><\/p><p>Nous collectons des donn\u00e9es personnelles vous concernant lorsque vous nous les fournissez directement via https:\/\/vinruhlmann.fr, lorsque des tiers nous fournissent des donn\u00e9es personnelles vous concernant ou lorsque des donn\u00e9es personnelles vous concernant sont automatiquement collect\u00e9es dans le cadre de votre utilisation du sitehttps:\/\/vinruhlmann.fr (le \u00absite Web\u00bb).<br>EARL GILBERT RUHLMANN FILS ne divulgue pas vos donn\u00e9es personnelles \u00e0 des tiers, sauf comme indiqu\u00e9 dans la pr\u00e9sente politique de confidentialit\u00e9.<\/p><p>En fournissant nos services, nous pouvons collecter et traiter les informations suivantes:<\/p><p><strong>Donn\u00e9es personnelles collect\u00e9es directement aupr\u00e8s de vous<\/strong><\/p><p>Nous recevons des donn\u00e9es personnelles directement de votre part lorsque vous nous les fournissez en utilisant le site https:\/\/vinruhlmann.fr, en utilisant les fonctionnalit\u00e9s de https:\/\/vinruhlmann.fr ou en cr\u00e9ant un compte sur https:\/\/vinruhlmann.fr, y compris, mais sans s\u2019y limiter:<br>\u2013 Nom;<br>\u2013 Pr\u00e9nom;<br>\u2013 Adresse e-mail;<br>\u2013 Nom de l\u2019\u00e9tablissement;<br>\u2013 Enseigne Commerciale;<br>\u2013 Adresse professionnelle;<br>\u2013 Num\u00e9ro de t\u00e9l\u00e9phone;<br>\u2013 Nom d\u2019utilisateur;<br>\u2013 Informations pour participer au programme https:\/\/vinruhlmann.fr<\/p><p><strong>Donn\u00e9es personnelles collect\u00e9es \u00e0 partir de sources tierces<br>Donn\u00e9es personnelles collect\u00e9es automatiquement<\/strong><\/p><p>Certaines donn\u00e9es personnelles sont automatiquement collect\u00e9es lorsque vous utilisez un site Web partenaire ou sur la plateforme https:\/\/vinruhlmann.fr, telles que:<br>\u2013 adresse IP;<br>\u2013 identifiants d\u2019appareils;<br>\u2013 informations sur le navigateur; et<br>les donn\u00e9es des cookies (comme expliqu\u00e9 dans notre politique en mati\u00e8re de cookies).<\/p><p><strong>Comment nous utilisons les donn\u00e9es personnelles<\/strong><\/p><p>Nous traitons les donn\u00e9es personnelles pour exploiter, am\u00e9liorer, comprendre et personnaliser nos services, par ex. nous utilisons les donn\u00e9es personnelles pour:<br>\u2013 enrichir et compl\u00e9ter les solutions pr\u00e9sent\u00e9es via la plateforme https:\/\/vinruhlmann.fr;<br>\u2013 personnaliser le contenu https:\/\/vinruhlmann.fren fonction de vos pr\u00e9f\u00e9rences et de vos priorit\u00e9s;<br>\u2013 communiquer avec vous;<br>\u2013 vous assister dans les diff\u00e9rentes phases du programme https:\/\/vinruhlmann.fr<br>\u2013 prot\u00e9ger contre ou dissuader les actions frauduleuses, ill\u00e9gales ou nuisibles;<br>\u2013 r\u00e9pondre aux demandes des utilisateurs;<br>\u2013 fournir un soutien et une assistance via https:\/\/vinruhlmann.fr;<br>\u2013 respecter nos obligations l\u00e9gales ou contractuelles;<br>\u2013 appliquer nos termes et conditions; et<br>\u2013 r\u00e9soudre les diff\u00e9rends si n\u00e9cessaire.<\/p><p><strong>Base l\u00e9gale du traitement<\/strong><\/p><p><strong>Finalit\u00e9 du traitement \u2013 Base l\u00e9gale sous RGPD<br><\/strong>\u00c0 des fins administratives<br>Un tel traitement est n\u00e9cessaire \u00e0 la bonne ex\u00e9cution d\u2019un accompagnement entre vous et https:\/\/vinruhlmann.fr<\/p><p><strong>Formation, suivi de la qualit\u00e9 ou \u00e9valuation des services que nous fournissons<br><\/strong>Un tel traitement est n\u00e9cessaire, pour les int\u00e9r\u00eats l\u00e9gitimes que nous poursuivons dans le suivi et l\u2019am\u00e9lioration de nos services et de leur utilisation, et pour le garantir aux internautes qui utilisent le site Web https:\/\/vinruhlmann.fr.<\/p><p><strong>Services de site Web, y compris \u00e0 des fins de d\u00e9pannage, d\u2019analyse de donn\u00e9es et d\u2019enqu\u00eate.<br><\/strong>Nous avons un int\u00e9r\u00eat l\u00e9gitime \u00e0 exploiter et \u00e0 maintenir le site Web et \u00e0 des fins connexes, y compris l\u2019am\u00e9lioration de nos services.<br>Des informations statistiques qui ne peuvent pas \u00eatre reli\u00e9es aux individus pour nous aider \u00e0 am\u00e9liorer les services que nous proposons.<br>Nous avons un int\u00e9r\u00eat l\u00e9gitime \u00e0 effectuer certaines analyses pour nous assurer que les services que nous fournissons aux Restaurants sont efficaces et fonctionnent correctement.<\/p><p><strong>Faire respecter et d\u00e9fendre nos droits<\/strong><br>Nous avons un int\u00e9r\u00eat l\u00e9gitime \u00e0 garantir que nos services et le site Web https:\/\/vinruhlmann.fr sont utilis\u00e9s conform\u00e9ment \u00e0 nos conditions d\u2019utilisation et \u00e0 nos politiques.<\/p><p><strong>Lorsque cela est n\u00e9cessaire pour respecter nos obligations l\u00e9gales.<br><\/strong>Lorsque cela est n\u00e9cessaire pour \u00e9tablir, exercer ou d\u00e9fendre une action en justice, une \u00e9ventuelle r\u00e9clamation en justice, une proc\u00e9dure judiciaire ou une \u00e9ventuelle proc\u00e9dure judiciaire.<\/p><p><strong>Droits individuels des personnes concern\u00e9es<\/strong><\/p><p>Les lois sur la protection des donn\u00e9es pr\u00e9voient certains droits en faveur des personnes concern\u00e9es (les \u00abdroits des personnes concern\u00e9es\u00bb).<\/p><p><strong>Les droits de la personne concern\u00e9e comprennent le droit d\u2019une personne concern\u00e9e \u00e0:<br><\/strong>\u2013 recevoir des informations d\u00e9taill\u00e9es sur le traitement (conform\u00e9ment aux obligations de transparence des responsables du traitement) que nous avons fournies par le biais de cette politique de confidentialit\u00e9;<br>\u2013 acc\u00e9der aux donn\u00e9es personnelles;<br>\u2013 rectifier ou effacer les donn\u00e9es personnelles (c\u2019est-\u00e0-dire droit \u00e0 l\u2019oubli);<br>\u2013 restreindre le traitement;<br>\u2013 restreindre la portabilit\u00e9 des donn\u00e9es<br>\u2013 s\u2019opposer au traitement; et<br>\u2013 s\u2019opposer \u00e0 la prise de d\u00e9cision automatis\u00e9e (y compris le profilage).<\/p><p>Ces droits des personnes concern\u00e9es pourront \u00eatre exerc\u00e9s par vous sous r\u00e9serve des limitations pr\u00e9vues par les lois sur la protection des donn\u00e9es.<\/p><p>Si vous avez besoin de plus d\u2019informations sur la mani\u00e8re dont https:\/\/vinruhlmann.fr traite vos donn\u00e9es personnelles ou si vous souhaitez exercer l\u2019un de vos droits de personne concern\u00e9e en ce qui concerne le traitement de vos donn\u00e9es personnelles par https:\/\/vinruhlmann.fr, vous pouvez contacter directement https:\/\/vinruhlmann.fr \u00e0 l\u2019adresse : <a href=\"mailto:info@vinruhlmann.fr\">info@vinruhlmann.fr<\/a> ou via les coordonn\u00e9es t\u00e9l\u00e9phoniques figurant sur le site internet.<\/p><p>En ce qui concerne le traitement de vos donn\u00e9es personnelles par EARL GILBERT RUHLMANN FILS, vous pouvez modifier vos param\u00e8tres de confidentialit\u00e9 via le portail https:\/\/vinruhlmann.fr. Vous pouvez \u00e9galement nous contacter ou faire une demande d\u2019exercice de tout droit relatif aux donn\u00e9es en contactant vin.ruhlmann@terre-net.fr. Votre demande sera trait\u00e9e conform\u00e9ment aux lois sur la protection des donn\u00e9es. <\/p><p><strong>Divulgation de vos informations<\/strong><\/p><p>Nous ne partageons aucune donn\u00e9e d\u2019identification personnelle avec des tiers et ne divulguerons vos donn\u00e9es personnelles \u00e0 aucune autre partie, sauf comme indiqu\u00e9 dans cette politique. EARL GILBERT RUHLMANN FILS peut \u00eatre amen\u00e9 \u00e0 divulguer des donn\u00e9es personnelles dans certains sc\u00e9narios, par exemple lorsque vous violez nos conditions g\u00e9n\u00e9rales ou d\u2019autres politiques. EARL GILBERT RUHLMANN FILS peut divulguer ces donn\u00e9es personnelles, \u00e0 notre seule discr\u00e9tion, si nous le jugeons n\u00e9cessaire ou appropri\u00e9 dans le cadre d\u2019une enqu\u00eate sur la fraude, la violation de propri\u00e9t\u00e9 intellectuelle, le piratage ou toute autre activit\u00e9 ill\u00e9gale. Cela peut n\u00e9cessiter la divulgation de votre nom, adresse, num\u00e9ro de t\u00e9l\u00e9phone ou e-mail.   <\/p><p>EARL GILBERT RUHLMANN FILS peut engager d\u2019autres entreprises et personnes pour effectuer des t\u00e2ches en notre nom et peut avoir besoin de partager vos informations avec elles pour vous fournir nos services.<\/p><p>Dans certains cas, EARL GILBERT RUHLMANN FILS peut acheter ou vendre ses actifs, ce qui peut impliquer le transfert d\u2019informations sur l\u2019utilisateur. EARL GILBERT RUHLMANN FILS transf\u00e9rera ces informations si nous sommes acquis par ou fusionn\u00e9s avec une autre soci\u00e9t\u00e9. Dans ce cas, nous vous en informerons par e-mail.  <\/p><p>Sans limiter ce qui pr\u00e9c\u00e8de, dans un effort pour respecter votre vie priv\u00e9e et la capacit\u00e9 de EARL GILBERT RUHLMANN FILS \u00e0 garder la communaut\u00e9 \u00e0 l\u2019abri des mauvais acteurs, nous ne divulguerons pas autrement vos donn\u00e9es personnelles aux forces de l\u2019ordre, \u00e0 d\u2019autres repr\u00e9sentants du gouvernement ou \u00e0 d\u2019autres tiers sans ordonnance du tribunal, loi. demande d\u2019ex\u00e9cution, proc\u00e9dure judiciaire ou proc\u00e9dure juridique essentiellement similaire, sauf lorsque nous pensons de bonne foi que la divulgation d\u2019informations est n\u00e9cessaire pour prot\u00e9ger les droits de EARL GILBERT RUHLMANN FILS ou les droits de tiers, pr\u00e9venir les dommages physiques ou les pertes financi\u00e8res, ou pour signaler une activit\u00e9 ill\u00e9gale pr\u00e9sum\u00e9e. <\/p><p><strong>Droits individuels des personnes concern\u00e9es<\/strong><\/p><p>Les lois sur la protection des donn\u00e9es pr\u00e9voient certains droits en faveur des personnes concern\u00e9es (les \u00abdroits des personnes concern\u00e9es\u00bb).<\/p><p><strong>Les droits de la personne concern\u00e9e comprennent le droit d\u2019une personne concern\u00e9e \u00e0:<\/strong><\/p><p>recevoir des informations d\u00e9taill\u00e9es sur le traitement (conform\u00e9ment aux obligations de transparence des responsables du traitement) que nous avons fournies par le biais de cette politique de confidentialit\u00e9;<br>acc\u00e9der aux donn\u00e9es personnelles;<br>rectifier ou effacer les donn\u00e9es personnelles (c\u2019est-\u00e0-dire droit \u00e0 l\u2019oubli);<br>restreindre le traitement;<br>portabilit\u00e9 des donn\u00e9es<br>s\u2019opposer au traitement; et<br>s\u2019opposer \u00e0 la prise de d\u00e9cision automatis\u00e9e (y compris le profilage).<\/p><p>Ces droits des personnes concern\u00e9es pourront \u00eatre exerc\u00e9s par vous sous r\u00e9serve des limitations pr\u00e9vues par les lois sur la protection des donn\u00e9es.<\/p><p>Si vous avez besoin de plus d\u2019informations sur la mani\u00e8re dont https:\/\/vinruhlmann.frr traite vos donn\u00e9es personnelles ou si vous souhaitez exercer l\u2019un de vos droits de personne concern\u00e9e en ce qui concerne le traitement de vos donn\u00e9es personnelles par https:\/\/vinruhlmann.fr, vous pouvez contacter directement https:\/\/vinruhlmann.fr \u00e0 l\u2019adresse : <a href=\"mailto:info@vinruhlmann.fr\">info@vinruhlmann.fr<\/a> .<\/p><p>En ce qui concerne le traitement de vos donn\u00e9es personnelles par EARL GILBERT RUHLMANN FILS, vous pouvez modifier vos param\u00e8tres de confidentialit\u00e9 via https:\/\/vinruhlmann.fr. Vous pouvez \u00e9galement nous contacter ou faire une demande d\u2019exercice de tout droit relatif aux donn\u00e9es en contactant : <a href=\"mailto:vin.ruhlmann@terre-net.fr\">vin.ruhlmann@terre-net.fr<\/a>}. Votre demande sera trait\u00e9e conform\u00e9ment aux lois sur la protection des donn\u00e9es. <\/p><p><strong>Donn\u00e9es personnelles obtenues par https:\/\/vinruhlmann.fr <\/strong><\/p><p>Dans le cadre du processus du programme d\u2019accompagnement, un accompagnant num\u00e9rique peut obtenir de EARL GILBERT RUHLMANN FILS un nom d\u2019utilisateur, une adresse e-mail, un num\u00e9ro de t\u00e9l\u00e9phone ou d\u2019autres informations. Ces informations ne doivent \u00eatre utilis\u00e9es que pour les communications li\u00e9es \u00e0 https:\/\/vinruhlmann.fr ou pour les transactions facilit\u00e9es par EARL GILBERT RUHLMANN FILS. <\/p><p>Lorsque les utilisateurs consentent au marketing direct, le consentement de l\u2019utilisateur est fourni directement par https:\/\/vinruhlmann.fr. EARL GILBERT RUHLMANN FILS, agissant en tant que processeur, peut aider https:\/\/vinruhlmann.fr \u00e0 g\u00e9rer les pr\u00e9f\u00e9rences de consentement des utilisateurs. Les utilisateurs peuvent se d\u00e9sinscrire du marketing direct via le lien de d\u00e9sinscription inclus dans toutes les communications marketing. EARL GILBERT RUHLMANN FILS agit \u00e9galement en tant que processeur lorsqu\u2019il aide https:\/\/vinruhlmann.fr \u00e0 g\u00e9rer les analyses de donn\u00e9es g\u00e9n\u00e9riques, non individualis\u00e9es et non personnelles.  <\/p><p><strong>La conservation des donn\u00e9es<\/strong><\/p><p>Nous conserverons les donn\u00e9es personnelles uniquement aussi longtemps que la conservation de ces donn\u00e9es personnelles est jug\u00e9e n\u00e9cessaire aux fins pour lesquelles ces donn\u00e9es personnelles sont trait\u00e9es (telles que d\u00e9crites dans la pr\u00e9sente politique de confidentialit\u00e9), \u00e0 moins que nous ne soyons tenus de conserver vos donn\u00e9es personnelles pendant une p\u00e9riode plus longue. (par exemple en cas de poursuites judiciaires ou d\u2019enqu\u00eates). <\/p><p><strong>Liens tiers<\/strong><\/p><p>\u00c0 l\u2019occasion, nous incluons des liens vers des tiers sur le site Web https:\/\/vinruhlmann.fr. Lorsque nous fournissons un lien, cela ne signifie pas que nous avons un contr\u00f4le sur le site Web li\u00e9 ou sa politique de confidentialit\u00e9 ou que nous approuvons ou approuvons la politique de ce site Web en mati\u00e8re de confidentialit\u00e9 des visiteurs. Vous devez consulter la politique de confidentialit\u00e9 du site Web li\u00e9 avant de leur envoyer des donn\u00e9es personnelles. <\/p><p><strong>Annonces et modifications li\u00e9es au service<\/strong><\/p><p>Toute modification de cette politique de confidentialit\u00e9 \u00e0 l\u2019avenir sera publi\u00e9e sur le site Web et, le cas \u00e9ch\u00e9ant, par notification par courrier \u00e9lectronique. EARL GILBERT RUHLMANN FILS peut vous envoyer des annonces relatives au service https:\/\/vinruhlmann.fr.<br>Vous ne pouvez pas refuser les communications li\u00e9es au service. <\/p><p><strong>Contactez-nous<\/strong><\/p><p>Pour plus d\u2019informations sur cette politique de confidentialit\u00e9 ou le traitement de vos donn\u00e9es personnelles par ou au nom de EARL GILBERT RUHLMANN FILS, veuillez nous contacter \u00e0 : <a href=\"mailto:vin.ruhlmann@terre-net.fr\">vin.ruhlmann@terre-net.fr<\/a>.<\/p><p>Bien que vous puissiez d\u00e9poser une plainte concernant le respect par EARL GILBERT RUHLMANN FILS des lois sur la protection des donn\u00e9es aupr\u00e8s de la commission de protection des donn\u00e9es, nous vous demandons de nous contacter en premier lieu pour nous donner la possibilit\u00e9 de r\u00e9pondre \u00e0 vos pr\u00e9occupations.<\/p><p>Derni\u00e8re Mise \u00e0 Jour : <strong>12 novembre 2021<\/strong>.<\/p><p><strong>\u00a9 2022 EARL GILBERT RUHLMANN FILS. <\/strong><strong>Tous droits r\u00e9serv\u00e9s.<\/strong><\/p>\t\t\t\t\t\t\t\t<\/div>\n\t\t\t\t\t<\/div>\n\t\t\t\t<\/div>\n\t\t\t\t<\/div>\n\t\t","protected":false},"excerpt":{"rendered":"<p>Cette politique de c [&hellip;]<\/p>\n","protected":false},"author":2,"featured_media":0,"parent":0,"menu_order":0,"comment_status":"closed","ping_status":"closed","template":"","meta":{"_acf_changed":false,"site-sidebar-layout":"no-sidebar","site-content-layout":"","ast-site-content-layout":"full-width-container","site-content-style":"default","site-sidebar-style":"default","ast-global-header-display":"","ast-banner-title-visibility":"","ast-main-header-display":"","ast-hfb-above-header-display":"","ast-hfb-below-header-display":"","ast-hfb-mobile-header-display":"","site-post-title":"disabled","ast-breadcrumbs-content":"","ast-featured-img":"disabled","footer-sml-layout":"","ast-disable-related-posts":"","theme-transparent-header-meta":"","adv-header-id-meta":"","stick-header-meta":"","header-above-stick-meta":"","header-main-stick-meta":"","header-below-stick-meta":"","astra-migrate-meta-layouts":"default","ast-page-background-enabled":"default","ast-page-background-meta":{"desktop":{"background-color":"var(--ast-global-color-5)","background-image":"","background-repeat":"repeat","background-position":"center center","background-size":"auto","background-attachment":"scroll","background-type":"","background-media":"","overlay-type":"","overlay-color":"","overlay-opacity":"","overlay-gradient":""},"tablet":{"background-color":"","background-image":"","background-repeat":"repeat","background-position":"center center","background-size":"auto","background-attachment":"scroll","background-type":"","background-media":"","overlay-type":"","overlay-color":"","overlay-opacity":"","overlay-gradient":""},"mobile":{"background-color":"","background-image":"","background-repeat":"repeat","background-position":"center center","background-size":"auto","background-attachment":"scroll","background-type":"","background-media":"","overlay-type":"","overlay-color":"","overlay-opacity":"","overlay-gradient":""}},"ast-content-background-meta":{"desktop":{"background-color":"var(--ast-global-color-4)","background-image":"","background-repeat":"repeat","background-position":"center center","background-size":"auto","background-attachment":"scroll","background-type":"","background-media":"","overlay-type":"","overlay-color":"","overlay-opacity":"","overlay-gradient":""},"tablet":{"background-color":"var(--ast-global-color-4)","background-image":"","background-repeat":"repeat","background-position":"center center","background-size":"auto","background-attachment":"scroll","background-type":"","background-media":"","overlay-type":"","overlay-color":"","overlay-opacity":"","overlay-gradient":""},"mobile":{"background-color":"var(--ast-global-color-4)","background-image":"","background-repeat":"repeat","background-position":"center center","background-size":"auto","background-attachment":"scroll","background-type":"","background-media":"","overlay-type":"","overlay-color":"","overlay-opacity":"","overlay-gradient":""}},"footnotes":""},"class_list":["post-1921","page","type-page","status-publish","hentry"],"acf":[],"_links":{"self":[{"href":"https:\/\/vinruhlmann.fr\/zh-hans\/wp-json\/wp\/v2\/pages\/1921","targetHints":{"allow":["GET"]}}],"collection":[{"href":"https:\/\/vinruhlmann.fr\/zh-hans\/wp-json\/wp\/v2\/pages"}],"about":[{"href":"https:\/\/vinruhlmann.fr\/zh-hans\/wp-json\/wp\/v2\/types\/page"}],"author":[{"embeddable":true,"href":"https:\/\/vinruhlmann.fr\/zh-hans\/wp-json\/wp\/v2\/users\/2"}],"replies":[{"embeddable":true,"href":"https:\/\/vinruhlmann.fr\/zh-hans\/wp-json\/wp\/v2\/comments?post=1921"}],"version-history":[{"count":0,"href":"https:\/\/vinruhlmann.fr\/zh-hans\/wp-json\/wp\/v2\/pages\/1921\/revisions"}],"wp:attachment":[{"href":"https:\/\/vinruhlmann.fr\/zh-hans\/wp-json\/wp\/v2\/media?parent=1921"}],"curies":[{"name":"wp","href":"https:\/\/api.w.org\/{rel}","templated":true}]}}