{"id":1917,"date":"2025-01-18T16:32:02","date_gmt":"2025-01-18T15:32:02","guid":{"rendered":"https:\/\/vinruhlmann.fr\/propriete-intellectuelle\/"},"modified":"2025-07-07T21:41:44","modified_gmt":"2025-07-07T19:41:44","slug":"propriete-intellectuelle","status":"publish","type":"page","link":"https:\/\/vinruhlmann.fr\/zh-hans\/propriete-intellectuelle\/","title":{"rendered":"Propri\u00e9t\u00e9 Intellectuelle"},"content":{"rendered":"\t\t<div data-elementor-type=\"wp-page\" data-elementor-id=\"1917\" class=\"elementor elementor-1917 elementor-572\" data-elementor-post-type=\"page\">\n\t\t\t\t<div class=\"elementor-element elementor-element-0d67f6a e-flex e-con-boxed e-con e-parent\" data-id=\"0d67f6a\" data-element_type=\"container\" data-e-type=\"container\">\n\t\t\t\t\t<div class=\"e-con-inner\">\n\t\t\t\t<div class=\"elementor-element elementor-element-4d0a996 elementor-widget elementor-widget-text-editor\" data-id=\"4d0a996\" data-element_type=\"widget\" data-e-type=\"widget\" data-widget_type=\"text-editor.default\">\n\t\t\t\t\t\t\t\t\t<p><strong>EARL GILBERT RUHLMANN FILS respecte les droits de propri\u00e9t\u00e9 intellectuelle des tiers et attend de ses utilisateurs qu\u2019ils fassent de m\u00eame.<\/strong><\/p><p>EARL GILBERT RUHLMANN FILS a pour politique, dans des circonstances appropri\u00e9es et \u00e0 sa discr\u00e9tion, de d\u00e9sactiver et\/ou de r\u00e9silier le compte ou l\u2019acc\u00e8s des utilisateurs qui contrefont de mani\u00e8re r\u00e9currente ou qui sont r\u00e9guli\u00e8rement accus\u00e9s de contrefaire les droits d\u2019auteur ou autres droits de propri\u00e9t\u00e9 intellectuelle de tiers.<\/p><p>EARL GILBERT RUHLMANN FILS r\u00e9pondra aux r\u00e9clamations de contrefa\u00e7on des Droits de Propri\u00e9t\u00e9 Intellectuelle r\u00e9alis\u00e9es via https:\/\/vinruhlmann.fr (\u00ab le Site et\/ou la Plateforme \u00bb) qui sont port\u00e9es \u00e0 la connaissance de EARL GILBERT RUHLMANN FILS conform\u00e9ment \u00e0 la pr\u00e9sente Charte.<\/p><p>Si vous \u00eates titulaire d\u2019un Droit de Propri\u00e9t\u00e9 Intellectuelle, ou que vous \u00eates autoris\u00e9 \u00e0 agir pour le compte d\u2019une telle personne, veuillez notifier les contrefa\u00e7ons all\u00e9gu\u00e9es de Droits de Propri\u00e9t\u00e9 Intellectuelle r\u00e9alis\u00e9es sur ou par l\u2019interm\u00e9diaire du Site et de la Plateforme en retournant \u00e0 EARL GILBERT RUHLMANN FILS la Notification de Contrefa\u00e7on All\u00e9gu\u00e9e suivante d\u00fbment compl\u00e9t\u00e9e, tel que d\u00e9crit ci-dessous.<\/p><p>A r\u00e9ception de la Notification telle que d\u00e9crite ci-dessous, EARL GILBERT RUHLMANN FILS prendra, \u00e0 son enti\u00e8re discr\u00e9tion, toute mesure qu\u2019elle jugera appropri\u00e9e, y compris le retrait du contenu litigieux du Site et\/ou de la Plateforme.<\/p><h3><strong>Notification de contrefa\u00e7on<br><\/strong><\/h3><p><strong>1.<\/strong> Identifiez l\u2019\u0153uvre prot\u00e9g\u00e9e sp\u00e9cifique que vous consid\u00e9rez comme ayant \u00e9t\u00e9 contrefaite, ou \u2013 si plusieurs \u0153uvres sont couvertes par cette Notification \u2013 vous pouvez remettre une liste repr\u00e9sentative des \u0153uvres que vous consid\u00e9rez comme ayant \u00e9t\u00e9 contrefaites.<\/p><p><strong>2.<\/strong> Identifiez le contenu que vous consid\u00e9rez comme contrefaisant (ou comme faisant l\u2019objet d\u2019une activit\u00e9 contrefaisante) et qui selon vous, devrait \u00eatre supprim\u00e9 ou dont l\u2019acc\u00e8s devrait \u00eatre d\u00e9sactiv\u00e9, ainsi que des informations raisonnablement suffisantes pour nous permettre de localiser ledit contenu, y compris, au minimum, le cas \u00e9ch\u00e9ant, l\u2019URL du lien figurant sur le Site et la Plateforme \u00e0 partir duquel le contenu en question peut \u00eatre consult\u00e9.<\/p><p><strong>3.<\/strong> Indiquez votre adresse postale, votre num\u00e9ro de t\u00e9l\u00e9phone et, le cas \u00e9ch\u00e9ant, votre adresse \u00e9lectronique.<\/p><p><strong>4.<\/strong> Ins\u00e9rez les deux d\u00e9clarations ci-dessous dans le corps de la Notification :<\/p><p>\u00ab Je d\u00e9clare par la pr\u00e9sente consid\u00e9rer de bonne foi que l\u2019utilisation litigieuse du document identifi\u00e9 n\u2019est pas autoris\u00e9e par le titulaire du Droit de Propri\u00e9t\u00e9 Intellectuelle, son mandataire ou la loi (ex : les exceptions l\u00e9gales et jurisprudentielles du \u00ab fair use \u00bb). \u00bb<\/p><p>\u00ab Je d\u00e9clare par la pr\u00e9sente que les informations figurant dans cette Notification sont exactes et, sous peine de faux t\u00e9moignage, que je suis le titulaire, ou que je suis autoris\u00e9 \u00e0 agir pour le compte du titulaire des Droits de Propri\u00e9t\u00e9 Intellectuelle dont la contrefa\u00e7on est all\u00e9gu\u00e9e. \u00bb<\/p><p><strong>5.<\/strong> Pr\u00e9cisez vos nom et pr\u00e9nom et apposez votre signature \u00e9lectronique ou physique.<\/p><p><strong>6.<\/strong> Envoyez cette Notification, accompagn\u00e9e de tous les \u00e9l\u00e9ments compl\u00e9t\u00e9s, \u00e0 EARL GILBERT RUHLMANN FILS :<\/p><p><strong>EARL GILBERT RUHLMANN FILS<\/strong><br>31 RUE DE L ORTENBOURG 67750 SCHERWILLER<\/p><p>E-mail : <a href=\"mailto:info@vinruhlmann.fr\">info@vinruhlmann.fr<\/a><\/p><p>Derni\u00e8re Mise \u00e0 Jour : <strong>12 novembre 2021<\/strong>.<\/p><p><strong>\u00a9 2022 EARL GILBERT RUHLMANN FILS. <\/strong><strong>Tous droits r\u00e9serv\u00e9s.<\/strong><\/p>\t\t\t\t\t\t\t\t<\/div>\n\t\t\t\t\t<\/div>\n\t\t\t\t<\/div>\n\t\t\t\t<\/div>\n\t\t","protected":false},"excerpt":{"rendered":"<p>EARL GILBERT RUHLMAN [&hellip;]<\/p>\n","protected":false},"author":2,"featured_media":0,"parent":0,"menu_order":0,"comment_status":"closed","ping_status":"closed","template":"","meta":{"_acf_changed":false,"site-sidebar-layout":"no-sidebar","site-content-layout":"","ast-site-content-layout":"full-width-container","site-content-style":"default","site-sidebar-style":"default","ast-global-header-display":"","ast-banner-title-visibility":"","ast-main-header-display":"","ast-hfb-above-header-display":"","ast-hfb-below-header-display":"","ast-hfb-mobile-header-display":"","site-post-title":"disabled","ast-breadcrumbs-content":"","ast-featured-img":"disabled","footer-sml-layout":"","ast-disable-related-posts":"","theme-transparent-header-meta":"","adv-header-id-meta":"","stick-header-meta":"","header-above-stick-meta":"","header-main-stick-meta":"","header-below-stick-meta":"","astra-migrate-meta-layouts":"default","ast-page-background-enabled":"default","ast-page-background-meta":{"desktop":{"background-color":"var(--ast-global-color-5)","background-image":"","background-repeat":"repeat","background-position":"center center","background-size":"auto","background-attachment":"scroll","background-type":"","background-media":"","overlay-type":"","overlay-color":"","overlay-opacity":"","overlay-gradient":""},"tablet":{"background-color":"","background-image":"","background-repeat":"repeat","background-position":"center center","background-size":"auto","background-attachment":"scroll","background-type":"","background-media":"","overlay-type":"","overlay-color":"","overlay-opacity":"","overlay-gradient":""},"mobile":{"background-color":"","background-image":"","background-repeat":"repeat","background-position":"center center","background-size":"auto","background-attachment":"scroll","background-type":"","background-media":"","overlay-type":"","overlay-color":"","overlay-opacity":"","overlay-gradient":""}},"ast-content-background-meta":{"desktop":{"background-color":"var(--ast-global-color-4)","background-image":"","background-repeat":"repeat","background-position":"center center","background-size":"auto","background-attachment":"scroll","background-type":"","background-media":"","overlay-type":"","overlay-color":"","overlay-opacity":"","overlay-gradient":""},"tablet":{"background-color":"var(--ast-global-color-4)","background-image":"","background-repeat":"repeat","background-position":"center center","background-size":"auto","background-attachment":"scroll","background-type":"","background-media":"","overlay-type":"","overlay-color":"","overlay-opacity":"","overlay-gradient":""},"mobile":{"background-color":"var(--ast-global-color-4)","background-image":"","background-repeat":"repeat","background-position":"center center","background-size":"auto","background-attachment":"scroll","background-type":"","background-media":"","overlay-type":"","overlay-color":"","overlay-opacity":"","overlay-gradient":""}},"footnotes":""},"class_list":["post-1917","page","type-page","status-publish","hentry"],"acf":[],"_links":{"self":[{"href":"https:\/\/vinruhlmann.fr\/zh-hans\/wp-json\/wp\/v2\/pages\/1917","targetHints":{"allow":["GET"]}}],"collection":[{"href":"https:\/\/vinruhlmann.fr\/zh-hans\/wp-json\/wp\/v2\/pages"}],"about":[{"href":"https:\/\/vinruhlmann.fr\/zh-hans\/wp-json\/wp\/v2\/types\/page"}],"author":[{"embeddable":true,"href":"https:\/\/vinruhlmann.fr\/zh-hans\/wp-json\/wp\/v2\/users\/2"}],"replies":[{"embeddable":true,"href":"https:\/\/vinruhlmann.fr\/zh-hans\/wp-json\/wp\/v2\/comments?post=1917"}],"version-history":[{"count":0,"href":"https:\/\/vinruhlmann.fr\/zh-hans\/wp-json\/wp\/v2\/pages\/1917\/revisions"}],"wp:attachment":[{"href":"https:\/\/vinruhlmann.fr\/zh-hans\/wp-json\/wp\/v2\/media?parent=1917"}],"curies":[{"name":"wp","href":"https:\/\/api.w.org\/{rel}","templated":true}]}}