{"id":1802,"date":"2025-01-16T19:29:45","date_gmt":"2025-01-16T18:29:45","guid":{"rendered":"https:\/\/vinruhlmann.fr\/produit\/gewurztraminer-cuvee-particuliere\/"},"modified":"2025-08-21T15:07:16","modified_gmt":"2025-08-21T13:07:16","slug":"gewurztraminer-cuvee-particuliere","status":"publish","type":"product","link":"https:\/\/vinruhlmann.fr\/de\/produit\/gewurztraminer-cuvee-particuliere\/","title":{"rendered":"Gewurztraminer Cuv\u00e9e Particuli\u00e8re"},"content":{"rendered":"<h2 style=\"padding-left: 40px;\"><strong>Gewurztraminer Cuv\u00e9e Particuli\u00e8re \u2013 Ein kr\u00e4ftiger und aromatischer Wein aus dem Elsass<\/strong><\/h2>\n<p>Der <strong>Gewurztraminer Cuv\u00e9e Particuli\u00e8re<\/strong> ist ein au\u00dfergew\u00f6hnlicher Wein, der aus einer sorgf\u00e4ltig durchgef\u00fchrten <strong>Parzellenselektion<\/strong> stammt, um ein Produkt von hoher Qualit\u00e4t zu gew\u00e4hrleisten. Dieser kr\u00e4ftige, an Aromen und K\u00f6rper reiche Wein geh\u00f6rt zu den gr\u00f6\u00dften Weinen des Elsass. Dank eines spezifischen Terroirs und einer akribischen Arbeit im Weinberg verk\u00f6rpert er die Exzellenz des <strong>Gew\u00fcrztraminers<\/strong>, einer emblematischen Rebsorte des Elsass.  <\/p>\n<p>Der <strong>nachhaltige Weinbau<\/strong> gew\u00e4hrleistet eine umweltfreundliche und nachhaltige Produktion. Dies erm\u00f6glicht uns insbesondere, die Zertifizierung <strong>Haute Valeur Environnementale (HVE)<\/strong> zu erhalten. <\/p>\n<h2 style=\"padding-left: 40px;\"><strong>Verkostung und Aromaprofil des Gewurztraminer Cuv\u00e9e Particuli\u00e8re<\/strong><\/h2>\n<p>Der <strong>Gewurztraminer Cuv\u00e9e Particuli\u00e8re<\/strong> pr\u00e4sentiert sich in einem brillanten Goldton, der den Reichtum seiner Aromen widerspiegelt. In der Nase entfaltet dieser Wein ein intensives und komplexes Bouquet, in dem sich <strong>Litschi-Aromen<\/strong> und exotische <strong>Gew\u00fcrze<\/strong> mischen. Der Gaumenauftakt ist weich und vollmundig, bietet eine sch\u00f6ne F\u00fclle und eine samtige Textur. Der Gaumen wird von <strong>Noten exotischer Fr\u00fcchte<\/strong> eingenommen, die eine sowohl fruchtige als auch w\u00fcrzige Dimension verleihen. Dieser <strong>liebliche<\/strong> Wein zeichnet sich durch sein perfektes Gleichgewicht zwischen Kraft und S\u00fc\u00dfe aus, und sein <strong>rundes Aroma<\/strong> macht ihn zu einem wahren Genuss.    <\/p>\n<p>Serviert bei einer Temperatur von <strong>8 bis 10 \u00b0C<\/strong>, ist er ideal, um sofort genossen zu werden, kann aber auch zwischen <strong>3 und 5 Jahren<\/strong> gelagert werden, um eine Entwicklung seiner Aromen zu erkunden.<\/p>\n<h2 style=\"padding-left: 40px;\"><strong>Speisen- und Weinbegleitung: Eine perfekte Kombination f\u00fcr Ihre Genussmomente<\/strong><\/h2>\n<p>Der <strong>Gew\u00fcrztraminer<\/strong> eignet sich f\u00fcr vielf\u00e4ltige und raffinierte gastronomische Kombinationen, darunter: <\/p>\n<ul>\n<li><strong>Aperitif<\/strong>, f\u00fcr einen Moment der Geselligkeit und des Genusses.<\/li>\n<li><strong>Exotische K\u00fcche<\/strong>, wie scharfe asiatische oder indische Gerichte.<\/li>\n<li><strong>G\u00e4nseleberpastete<\/strong>, f\u00fcr eine traditionelle und elegante Kombination.<\/li>\n<li><strong>Munster<\/strong> und <strong>kr\u00e4ftige K\u00e4sesorten<\/strong>, f\u00fcr einen schmackhaften Kontrast.<\/li>\n<li><strong>Desserts mit Trockenfr\u00fcchten<\/strong>, wie Kuchen auf Nuss- oder Trockenfruchtbasis.<\/li>\n<\/ul>\n<p>Der <strong>Gewurztraminer Cuv\u00e9e Particuli\u00e8re<\/strong> bietet einen kr\u00e4ftigen, aromatischen und harmonischen Wein. Dieser charaktervolle Wein, der aus einer strengen Parzellenselektion stammt, wird Ihre Mahlzeiten und Momente des Teilens mit einem Hauch von Finesse und Genuss bereichern. <\/p>\n","protected":false},"excerpt":{"rendered":"<h3><strong>AOC Elsass<\/strong><\/h3>\n<p>Ein au\u00dfergew\u00f6hnlicher, reicher und intensiver Wein, der aus ausgew\u00e4hlten Parzellen hergestellt wird.<\/p>\n<ul>\n<li><strong>Komplexe Aromen<\/strong>: Litschi, exotische Gew\u00fcrze, exotische Fr\u00fcchte<\/li>\n<li><strong>Samtiges Mundgef\u00fchl<\/strong>: Ausgewogenheit von F\u00fclle, S\u00fc\u00dfe und Kraft<\/li>\n<li><strong>Perfekte Speisenbegleiter<\/strong>: G\u00e4nseleberpastete, exotische K\u00fcche, Munster, Desserts mit Trockenfr\u00fcchten<\/li>\n<\/ul>\n","protected":false},"featured_media":1443,"comment_status":"open","ping_status":"closed","template":"","meta":{"_acf_changed":false,"site-sidebar-layout":"default","site-content-layout":"","ast-site-content-layout":"default","site-content-style":"default","site-sidebar-style":"default","ast-global-header-display":"","ast-banner-title-visibility":"","ast-main-header-display":"","ast-hfb-above-header-display":"","ast-hfb-below-header-display":"","ast-hfb-mobile-header-display":"","site-post-title":"","ast-breadcrumbs-content":"","ast-featured-img":"","footer-sml-layout":"","ast-disable-related-posts":"","theme-transparent-header-meta":"default","adv-header-id-meta":"","stick-header-meta":"default","header-above-stick-meta":"","header-main-stick-meta":"","header-below-stick-meta":"","astra-migrate-meta-layouts":"set","ast-page-background-enabled":"default","ast-page-background-meta":{"desktop":{"background-color":"var(--ast-global-color-5)","background-image":"","background-repeat":"repeat","background-position":"center center","background-size":"auto","background-attachment":"scroll","background-type":"","background-media":"","overlay-type":"","overlay-color":"","overlay-opacity":"","overlay-gradient":""},"tablet":{"background-color":"","background-image":"","background-repeat":"repeat","background-position":"center center","background-size":"auto","background-attachment":"scroll","background-type":"","background-media":"","overlay-type":"","overlay-color":"","overlay-opacity":"","overlay-gradient":""},"mobile":{"background-color":"","background-image":"","background-repeat":"repeat","background-position":"center center","background-size":"auto","background-attachment":"scroll","background-type":"","background-media":"","overlay-type":"","overlay-color":"","overlay-opacity":"","overlay-gradient":""}},"ast-content-background-meta":{"desktop":{"background-color":"var(--ast-global-color-4)","background-image":"","background-repeat":"repeat","background-position":"center center","background-size":"auto","background-attachment":"scroll","background-type":"","background-media":"","overlay-type":"","overlay-color":"","overlay-opacity":"","overlay-gradient":""},"tablet":{"background-color":"var(--ast-global-color-4)","background-image":"","background-repeat":"repeat","background-position":"center center","background-size":"auto","background-attachment":"scroll","background-type":"","background-media":"","overlay-type":"","overlay-color":"","overlay-opacity":"","overlay-gradient":""},"mobile":{"background-color":"var(--ast-global-color-4)","background-image":"","background-repeat":"repeat","background-position":"center center","background-size":"auto","background-attachment":"scroll","background-type":"","background-media":"","overlay-type":"","overlay-color":"","overlay-opacity":"","overlay-gradient":""}}},"product_brand":[],"product_cat":[152],"product_tag":[],"class_list":{"0":"post-1802","1":"product","2":"type-product","3":"status-publish","4":"has-post-thumbnail","6":"product_cat-terroir-weine","7":"pa_accords-mets-et-vins-aperitif-de","8":"pa_accords-mets-et-vins-desserts-de","9":"pa_accords-mets-et-vins-exotische-kuchen","10":"pa_accords-mets-et-vins-ganseleber","11":"pa_accords-mets-et-vins-starkkase","12":"pa_sucrosite-lieblich","13":"pa_type-de-vin-weiswein","14":"desktop-align-center","15":"tablet-align-left","16":"mobile-align-left","17":"ast-product-gallery-layout-horizontal-slider","18":"ast-product-gallery-with-no-image","19":"ast-product-tabs-layout-horizontal","21":"first","22":"instock","23":"taxable","24":"shipping-taxable","25":"purchasable","26":"product-type-simple"},"acf":[],"_links":{"self":[{"href":"https:\/\/vinruhlmann.fr\/de\/wp-json\/wp\/v2\/product\/1802","targetHints":{"allow":["GET"]}}],"collection":[{"href":"https:\/\/vinruhlmann.fr\/de\/wp-json\/wp\/v2\/product"}],"about":[{"href":"https:\/\/vinruhlmann.fr\/de\/wp-json\/wp\/v2\/types\/product"}],"replies":[{"embeddable":true,"href":"https:\/\/vinruhlmann.fr\/de\/wp-json\/wp\/v2\/comments?post=1802"}],"version-history":[{"count":0,"href":"https:\/\/vinruhlmann.fr\/de\/wp-json\/wp\/v2\/product\/1802\/revisions"}],"wp:featuredmedia":[{"embeddable":true,"href":"https:\/\/vinruhlmann.fr\/de\/wp-json\/wp\/v2\/media\/1443"}],"wp:attachment":[{"href":"https:\/\/vinruhlmann.fr\/de\/wp-json\/wp\/v2\/media?parent=1802"}],"wp:term":[{"taxonomy":"product_brand","embeddable":true,"href":"https:\/\/vinruhlmann.fr\/de\/wp-json\/wp\/v2\/product_brand?post=1802"},{"taxonomy":"product_cat","embeddable":true,"href":"https:\/\/vinruhlmann.fr\/de\/wp-json\/wp\/v2\/product_cat?post=1802"},{"taxonomy":"product_tag","embeddable":true,"href":"https:\/\/vinruhlmann.fr\/de\/wp-json\/wp\/v2\/product_tag?post=1802"}],"curies":[{"name":"wp","href":"https:\/\/api.w.org\/{rel}","templated":true}]}}