{"id":1792,"date":"2025-01-16T19:46:34","date_gmt":"2025-01-16T18:46:34","guid":{"rendered":"https:\/\/vinruhlmann.fr\/produit\/herbstlegende\/"},"modified":"2025-08-19T15:35:37","modified_gmt":"2025-08-19T13:35:37","slug":"herbstlegende","status":"publish","type":"product","link":"https:\/\/vinruhlmann.fr\/de\/produit\/herbstlegende\/","title":{"rendered":"L\u00e9gende d&#8217;Automne"},"content":{"rendered":"<h3 style=\"padding-left: 40px;\"><strong>L\u00e9gende d&#8217;Automne \u2013 Ein au\u00dfergew\u00f6hnlicher S\u00fc\u00dfwein aus dem Elsass<\/strong><\/h3>\n<p>Entdecken Sie <strong>L\u00e9gende d&#8217;Automne<\/strong>, einen au\u00dfergew\u00f6hnlichen <strong>S\u00fc\u00dfwein<\/strong>, der den Reichtum und die Komplexit\u00e4t der <strong>els\u00e4ssischen Weine<\/strong> verk\u00f6rpert. Aus der <strong>Rebsorte Grauburgunder<\/strong>, einer Traube, die von \u00dcberreife profitiert, besticht dieser Wein durch seine S\u00fc\u00dfe und aromatische Kraft. Auf <strong>lehmig-tonig-sandigen<\/strong> B\u00f6den angebaut und durch <strong>nachhaltigen Weinbau<\/strong>, zertifiziert mit <strong>Hohem Umweltwert<\/strong>, hergestellt, respektiert dieser Wein nachhaltige Praktiken und garantiert gleichzeitig eine au\u00dfergew\u00f6hnliche Qualit\u00e4t.  <\/p>\n<h3 style=\"padding-left: 40px;\"><strong>Geschichte und Herstellung<\/strong><\/h3>\n<p>Der <strong>Grauburgunder<\/strong>, fr\u00fcher <strong>Tokay d&#8217;Alsace<\/strong> genannt, ist eine Rebsorte, deren Ruf sich \u00fcber Jahrhunderte gefestigt hat. Seine F\u00e4higkeit zur \u00dcberreife erm\u00f6glichte es dem Weingut, 1997 die Cuv\u00e9e <strong>L\u00e9gende d&#8217;Automne<\/strong> zu kreieren. Diese Cuv\u00e9e, eine Zwischenstufe zwischen einem generischen Wein und Sp\u00e4tlesen, wird jedes Jahr produziert und zeichnet sich durch ihre <strong>blaue Flasche<\/strong> aus, die an die reifen Traubenbeeren erinnert. Seit ihrer Kreation hat sie Weinliebhaber mit ihren reichen Aromen und ihrer einzigartigen Finesse erobert.   <\/p>\n<h3 style=\"padding-left: 40px;\"><strong>Verkostung der Herbstlegende<\/strong><\/h3>\n<p>Die <strong>L\u00e9gende d&#8217;Automne<\/strong> besticht durch ihr <strong>komplexes Aromaprofil<\/strong>. In der Nase offenbart sie <strong>rauchige Noten<\/strong>, Aromen von <strong>Haselnuss<\/strong> und einen blumigen Hauch von <strong>Veilchen<\/strong>. Am Gaumen ist der Auftakt <strong>kr\u00e4ftig<\/strong> und <strong>rund<\/strong> und bietet dank der S\u00fc\u00dfe, die einen gro\u00dfz\u00fcgigen K\u00f6rper st\u00fctzt, ein <strong>verf\u00fchrerisches<\/strong> Gef\u00fchl. Dieser S\u00fc\u00dfwein zeigt eine sch\u00f6ne L\u00e4nge und eine <strong>perfekte Harmonie<\/strong>, die es erm\u00f6glicht, ihn bei jedem Schluck voll zu genie\u00dfen.   <\/p>\n<p>Serviert bei einer Temperatur von 8 bis 10\u00b0C, ist er ideal f\u00fcr den sofortigen Genuss. Es ist auch m\u00f6glich, ihn zwischen 3 und 5 Jahren zu lagern, um seine Aromen weiterzuentwickeln. <\/p>\n<h3 style=\"padding-left: 40px;\"><strong>Speise- und Weinbegleitung: Eine perfekte Allianz<\/strong><\/h3>\n<p>Er passt hervorragend zu raffinierten Gerichten und au\u00dfergew\u00f6hnlichen Speisen:<\/p>\n<ul>\n<li style=\"list-style-type: none;\">\n<ul>\n<li><strong>Kougelhopf<\/strong>, ein els\u00e4ssischer Klassiker, der perfekt zum Reichtum des Weins passt<\/li>\n<li><strong>Ente \u00e0 l&#8217;orange<\/strong>, eine Kombination aus S\u00fc\u00dfe und Kraft<\/li>\n<li><strong>Aperitifs<\/strong>, f\u00fcr einen eleganten und festlichen Touch<\/li>\n<li><strong>G\u00e4nseleberpastete<\/strong>, eine luxuri\u00f6se Kombination f\u00fcr einen gastronomischen Moment<\/li>\n<li><strong>Desserts mit wei\u00dfen Fr\u00fcchten<\/strong>, perfekt, um ein Essen stilvoll abzuschlie\u00dfen<\/li>\n<\/ul>\n<\/li>\n<\/ul>\n<p>Zuvor k\u00f6nnen Sie einen <a href=\"https:\/\/vinruhlmann.fr\/produit\/riesling-scherwiller\/\">Riesling Scherwiller<\/a> als Vorspeise und einen <a href=\"https:\/\/vinruhlmann.fr\/produit\/rittersberg-pinot-noir\/\">Pinot Noir Rittersberg<\/a> zum Fleisch nehmen.<\/p>\n<h3 style=\"padding-left: 40px;\"><strong>Ein idealer Wein f\u00fcr jeden Anlass<\/strong><\/h3>\n<p><strong>L\u00e9gende d&#8217;Automne<\/strong> ist ein perfekter Wein, um Ihre Mahlzeiten und Genussmomente zu veredeln. Ob bei Empf\u00e4ngen, Festessen oder einfach nur, um einen Moment der S\u00fc\u00dfe zu genie\u00dfen, dieser S\u00fc\u00dfwein ist eine wahre Legende, die es zu entdecken und zu teilen gilt. <\/p>\n","protected":false},"excerpt":{"rendered":"<h3><strong>AOC Elsass<\/strong><\/h3>\n<p>L\u00e9gende d&#8217;Automne, 100 % Grauburgunder, besticht durch seinen Reichtum und seine bet\u00f6rende S\u00fc\u00dfe.<\/p>\n<ul>\n<li><strong>Komplexe Aromen<\/strong>: rauchige Noten, Haselnuss und Veilchen<\/li>\n<li><strong>Runder und gro\u00dfz\u00fcgiger Gaumen<\/strong>: perfekte Balance zwischen S\u00fc\u00dfe und kr\u00e4ftigem K\u00f6rper<\/li>\n<li><strong>Raffinierte Kombinationen<\/strong>: G\u00e4nseleberpastete, Kougelhopf, Ente \u00e0 l\u2019orange oder Desserts mit wei\u00dfen Fr\u00fcchten<\/li>\n<\/ul>\n","protected":false},"featured_media":1452,"comment_status":"open","ping_status":"closed","template":"","meta":{"_acf_changed":false,"site-sidebar-layout":"default","site-content-layout":"","ast-site-content-layout":"default","site-content-style":"default","site-sidebar-style":"default","ast-global-header-display":"","ast-banner-title-visibility":"","ast-main-header-display":"","ast-hfb-above-header-display":"","ast-hfb-below-header-display":"","ast-hfb-mobile-header-display":"","site-post-title":"","ast-breadcrumbs-content":"","ast-featured-img":"","footer-sml-layout":"","ast-disable-related-posts":"","theme-transparent-header-meta":"default","adv-header-id-meta":"","stick-header-meta":"default","header-above-stick-meta":"","header-main-stick-meta":"","header-below-stick-meta":"","astra-migrate-meta-layouts":"set","ast-page-background-enabled":"default","ast-page-background-meta":{"desktop":{"background-color":"var(--ast-global-color-5)","background-image":"","background-repeat":"repeat","background-position":"center center","background-size":"auto","background-attachment":"scroll","background-type":"","background-media":"","overlay-type":"","overlay-color":"","overlay-opacity":"","overlay-gradient":""},"tablet":{"background-color":"","background-image":"","background-repeat":"repeat","background-position":"center center","background-size":"auto","background-attachment":"scroll","background-type":"","background-media":"","overlay-type":"","overlay-color":"","overlay-opacity":"","overlay-gradient":""},"mobile":{"background-color":"","background-image":"","background-repeat":"repeat","background-position":"center center","background-size":"auto","background-attachment":"scroll","background-type":"","background-media":"","overlay-type":"","overlay-color":"","overlay-opacity":"","overlay-gradient":""}},"ast-content-background-meta":{"desktop":{"background-color":"var(--ast-global-color-4)","background-image":"","background-repeat":"repeat","background-position":"center center","background-size":"auto","background-attachment":"scroll","background-type":"","background-media":"","overlay-type":"","overlay-color":"","overlay-opacity":"","overlay-gradient":""},"tablet":{"background-color":"var(--ast-global-color-4)","background-image":"","background-repeat":"repeat","background-position":"center center","background-size":"auto","background-attachment":"scroll","background-type":"","background-media":"","overlay-type":"","overlay-color":"","overlay-opacity":"","overlay-gradient":""},"mobile":{"background-color":"var(--ast-global-color-4)","background-image":"","background-repeat":"repeat","background-position":"center center","background-size":"auto","background-attachment":"scroll","background-type":"","background-media":"","overlay-type":"","overlay-color":"","overlay-opacity":"","overlay-gradient":""}}},"product_brand":[],"product_cat":[152],"product_tag":[],"class_list":{"0":"post-1792","1":"product","2":"type-product","3":"status-publish","4":"has-post-thumbnail","6":"product_cat-terroir-weine","7":"pa_accords-mets-et-vins-aperitif-de","8":"pa_accords-mets-et-vins-desserts-de","9":"pa_accords-mets-et-vins-ente","10":"pa_accords-mets-et-vins-ganseleber","11":"pa_sucrosite-lieblich","12":"pa_type-de-vin-weiswein","13":"desktop-align-center","14":"tablet-align-left","15":"mobile-align-left","16":"ast-product-gallery-layout-horizontal-slider","17":"ast-product-gallery-with-no-image","18":"ast-product-tabs-layout-horizontal","20":"first","21":"instock","22":"taxable","23":"shipping-taxable","24":"purchasable","25":"product-type-simple"},"acf":[],"_links":{"self":[{"href":"https:\/\/vinruhlmann.fr\/de\/wp-json\/wp\/v2\/product\/1792","targetHints":{"allow":["GET"]}}],"collection":[{"href":"https:\/\/vinruhlmann.fr\/de\/wp-json\/wp\/v2\/product"}],"about":[{"href":"https:\/\/vinruhlmann.fr\/de\/wp-json\/wp\/v2\/types\/product"}],"replies":[{"embeddable":true,"href":"https:\/\/vinruhlmann.fr\/de\/wp-json\/wp\/v2\/comments?post=1792"}],"version-history":[{"count":0,"href":"https:\/\/vinruhlmann.fr\/de\/wp-json\/wp\/v2\/product\/1792\/revisions"}],"wp:featuredmedia":[{"embeddable":true,"href":"https:\/\/vinruhlmann.fr\/de\/wp-json\/wp\/v2\/media\/1452"}],"wp:attachment":[{"href":"https:\/\/vinruhlmann.fr\/de\/wp-json\/wp\/v2\/media?parent=1792"}],"wp:term":[{"taxonomy":"product_brand","embeddable":true,"href":"https:\/\/vinruhlmann.fr\/de\/wp-json\/wp\/v2\/product_brand?post=1792"},{"taxonomy":"product_cat","embeddable":true,"href":"https:\/\/vinruhlmann.fr\/de\/wp-json\/wp\/v2\/product_cat?post=1792"},{"taxonomy":"product_tag","embeddable":true,"href":"https:\/\/vinruhlmann.fr\/de\/wp-json\/wp\/v2\/product_tag?post=1792"}],"curies":[{"name":"wp","href":"https:\/\/api.w.org\/{rel}","templated":true}]}}