{"id":1785,"date":"2025-01-18T20:04:48","date_gmt":"2025-01-18T19:04:48","guid":{"rendered":"https:\/\/vinruhlmann.fr\/produit\/riesling-vendanges-tardives\/"},"modified":"2025-08-04T15:20:33","modified_gmt":"2025-08-04T13:20:33","slug":"riesling-vendanges-tardives","status":"publish","type":"product","link":"https:\/\/vinruhlmann.fr\/de\/produit\/riesling-vendanges-tardives\/","title":{"rendered":"Riesling Vendanges Tardives"},"content":{"rendered":"<h2 style=\"padding-left: 40px;\">Riesling Vendanges Tardives \u2013 Ein au\u00dfergew\u00f6hnlicher Wein aus dem Elsass<\/h2>\n<p>Der <strong>Riesling Vendanges Tardives<\/strong> ist ein s\u00fc\u00dfer Wei\u00dfwein von bemerkenswerter Finesse, der aus sp\u00e4ter geernteten Trauben hergestellt wird, wenn sie ihre optimale Reife erreicht haben. Dieses einzigartige Verfahren erm\u00f6glicht es, die gesamte Konzentration der Aromen und des Zuckers einzufangen, dank der \u00dcberreife oder der Edelf\u00e4ule, die oft durch einen sonnigen Sp\u00e4tsommer beg\u00fcnstigt wird. Diese besonderen Bedingungen bringen einen prestigetr\u00e4chtigen, reichen und opulenten Wein hervor, der als eine der gro\u00dfen Spezialit\u00e4ten des Elsass gilt.<\/p>\n<h2 style=\"padding-left: 40px;\"><strong>Ein privilegiertes Terroir und nachhaltiger Weinbau<\/strong><\/h2>\n<p>Der Riesling Vendanges Tardives stammt von einem <strong>lehmig-sandigen<\/strong> Terroir, das durch eine starke Pr\u00e4senz von Kieselsteinen angereichert ist, was dem Wein eine sch\u00f6ne Mineralit\u00e4t und eine einzigartige Struktur verleiht. Er wird in einem nachhaltig bewirtschafteten Weinberg angebaut und folgt einem nachhaltigen und qualitativen Ansatz, der als <strong>Haute Valeur Environnementale (HVE)<\/strong> zertifiziert ist.<\/p>\n<h2 style=\"padding-left: 40px;\"><strong>Verkostung und aromatisches Profil des <\/strong>Riesling Vendanges Tardives<\/h2>\n<p>Er entfaltet eine fruchtige und gro\u00dfz\u00fcgige Nase, in der sich verf\u00fchrerische Aromen von Bergamotte und kandierten Aprikosen mischen. Am Gaumen bietet er eine seltene Eleganz: vollmundig und kr\u00e4ftig, dr\u00fcckt sich die reiche und konzentrierte Materie mit einer umh\u00fcllenden S\u00fc\u00dfe aus. Da es sich um einen Riesling handelt, findet diese Sp\u00e4tlese ein sch\u00f6nes Gleichgewicht zwischen S\u00fc\u00dfe und S\u00e4ure.<\/p>\n<h2 style=\"padding-left: 40px;\"><strong>Speisen- und Weinpaarungen<\/strong><\/h2>\n<p>Er ist der perfekte Begleiter, um Ihre festlichen und gastronomischen Mahlzeiten zu verfeinern. Er passt ideal zu:<\/p>\n<ul>\n<li><strong>Foie gras<\/strong>, f\u00fcr eine klassische und raffinierte Kombination.<\/li>\n<li><strong>Langusten und Hummer<\/strong> oder Gourmet-Salate.<\/li>\n<li><strong>Blauschimmelk\u00e4se<\/strong>, f\u00fcr einen ausgewogenen Kontrast zwischen S\u00fc\u00dfe und Intensit\u00e4t.<\/li>\n<li><strong>Fruchtige Desserts<\/strong>, wie Zitronentarte oder Tarte Tatin, f\u00fcr einen s\u00fc\u00dfen Abschluss.<\/li>\n<\/ul>\n<h2 style=\"padding-left: 40px;\"><strong>Lagerung und Servieren<\/strong><\/h2>\n<p>Dieser Wein wird frisch, zwischen <strong>8 und 10\u00b0C<\/strong>, serviert und kann sofort genossen werden, um seine Frische und fruchtigen Aromen zu erleben. Er kann auch zwischen <strong>3 und 12 Jahren<\/strong> gelagert werden, wodurch die Aromen Zeit haben, sich zu verfeinern und neue Nuancen zu enth\u00fcllen.<\/p>\n<p>Der <strong>Riesling Vendanges Tardives<\/strong> verk\u00f6rpert die Exzellenz der els\u00e4ssischen Weine und vereint Eleganz, S\u00fc\u00dfe und aromatische Intensit\u00e4t. Er ist eine unverzichtbare Wahl f\u00fcr Ihre besonderen Momente.<\/p>\n","protected":false},"excerpt":{"rendered":"<h2><strong>AOC Elsass<\/strong><\/h2>\n<p>Der Riesling Vendanges Tardives ist ein au\u00dfergew\u00f6hnlicher S\u00fc\u00dfwein, der aus \u00fcberreifen Trauben f\u00fcr eine einzigartige Konzentration hergestellt wird.<\/p>\n<ul>\n<li>Gro\u00dfz\u00fcgige Aromen von Bergamotte und kandierten Aprikosen<\/li>\n<li>Ideal zu Foie Gras, Langusten, Blauschimmelk\u00e4se und fruchtigen Desserts<\/li>\n<li>Vollmundiger und eleganter Gaumen, ausgewogen zwischen S\u00fc\u00dfe und Frische<\/li>\n<\/ul>\n","protected":false},"featured_media":1425,"comment_status":"open","ping_status":"closed","template":"","meta":{"_acf_changed":false,"site-sidebar-layout":"default","site-content-layout":"","ast-site-content-layout":"default","site-content-style":"default","site-sidebar-style":"default","ast-global-header-display":"","ast-banner-title-visibility":"","ast-main-header-display":"","ast-hfb-above-header-display":"","ast-hfb-below-header-display":"","ast-hfb-mobile-header-display":"","site-post-title":"","ast-breadcrumbs-content":"","ast-featured-img":"","footer-sml-layout":"","ast-disable-related-posts":"","theme-transparent-header-meta":"default","adv-header-id-meta":"","stick-header-meta":"default","header-above-stick-meta":"","header-main-stick-meta":"","header-below-stick-meta":"","astra-migrate-meta-layouts":"set","ast-page-background-enabled":"default","ast-page-background-meta":{"desktop":{"background-color":"var(--ast-global-color-5)","background-image":"","background-repeat":"repeat","background-position":"center center","background-size":"auto","background-attachment":"scroll","background-type":"","background-media":"","overlay-type":"","overlay-color":"","overlay-opacity":"","overlay-gradient":""},"tablet":{"background-color":"","background-image":"","background-repeat":"repeat","background-position":"center center","background-size":"auto","background-attachment":"scroll","background-type":"","background-media":"","overlay-type":"","overlay-color":"","overlay-opacity":"","overlay-gradient":""},"mobile":{"background-color":"","background-image":"","background-repeat":"repeat","background-position":"center center","background-size":"auto","background-attachment":"scroll","background-type":"","background-media":"","overlay-type":"","overlay-color":"","overlay-opacity":"","overlay-gradient":""}},"ast-content-background-meta":{"desktop":{"background-color":"var(--ast-global-color-4)","background-image":"","background-repeat":"repeat","background-position":"center center","background-size":"auto","background-attachment":"scroll","background-type":"","background-media":"","overlay-type":"","overlay-color":"","overlay-opacity":"","overlay-gradient":""},"tablet":{"background-color":"var(--ast-global-color-4)","background-image":"","background-repeat":"repeat","background-position":"center center","background-size":"auto","background-attachment":"scroll","background-type":"","background-media":"","overlay-type":"","overlay-color":"","overlay-opacity":"","overlay-gradient":""},"mobile":{"background-color":"var(--ast-global-color-4)","background-image":"","background-repeat":"repeat","background-position":"center center","background-size":"auto","background-attachment":"scroll","background-type":"","background-media":"","overlay-type":"","overlay-color":"","overlay-opacity":"","overlay-gradient":""}}},"product_brand":[],"product_cat":[157],"product_tag":[],"class_list":{"0":"post-1785","1":"product","2":"type-product","3":"status-publish","4":"has-post-thumbnail","6":"product_cat-vendanges-tardives-de","7":"pa_accords-mets-et-vins-desserts-de","8":"pa_accords-mets-et-vins-ganseleber","9":"pa_sucrosite-sus","10":"pa_type-de-vin-weiswein","11":"desktop-align-center","12":"tablet-align-left","13":"mobile-align-left","14":"ast-product-gallery-layout-horizontal-slider","15":"ast-product-gallery-with-no-image","16":"ast-product-tabs-layout-horizontal","18":"first","19":"instock","20":"taxable","21":"shipping-taxable","22":"purchasable","23":"product-type-simple"},"acf":[],"_links":{"self":[{"href":"https:\/\/vinruhlmann.fr\/de\/wp-json\/wp\/v2\/product\/1785","targetHints":{"allow":["GET"]}}],"collection":[{"href":"https:\/\/vinruhlmann.fr\/de\/wp-json\/wp\/v2\/product"}],"about":[{"href":"https:\/\/vinruhlmann.fr\/de\/wp-json\/wp\/v2\/types\/product"}],"replies":[{"embeddable":true,"href":"https:\/\/vinruhlmann.fr\/de\/wp-json\/wp\/v2\/comments?post=1785"}],"version-history":[{"count":0,"href":"https:\/\/vinruhlmann.fr\/de\/wp-json\/wp\/v2\/product\/1785\/revisions"}],"wp:featuredmedia":[{"embeddable":true,"href":"https:\/\/vinruhlmann.fr\/de\/wp-json\/wp\/v2\/media\/1425"}],"wp:attachment":[{"href":"https:\/\/vinruhlmann.fr\/de\/wp-json\/wp\/v2\/media?parent=1785"}],"wp:term":[{"taxonomy":"product_brand","embeddable":true,"href":"https:\/\/vinruhlmann.fr\/de\/wp-json\/wp\/v2\/product_brand?post=1785"},{"taxonomy":"product_cat","embeddable":true,"href":"https:\/\/vinruhlmann.fr\/de\/wp-json\/wp\/v2\/product_cat?post=1785"},{"taxonomy":"product_tag","embeddable":true,"href":"https:\/\/vinruhlmann.fr\/de\/wp-json\/wp\/v2\/product_tag?post=1785"}],"curies":[{"name":"wp","href":"https:\/\/api.w.org\/{rel}","templated":true}]}}