{"id":1771,"date":"2025-01-16T18:04:08","date_gmt":"2025-01-16T17:04:08","guid":{"rendered":"https:\/\/vinruhlmann.fr\/produit\/rittersberg-riesling\/"},"modified":"2025-08-21T15:24:42","modified_gmt":"2025-08-21T13:24:42","slug":"rittersberg-riesling","status":"publish","type":"product","link":"https:\/\/vinruhlmann.fr\/de\/produit\/rittersberg-riesling\/","title":{"rendered":"Rittersberg Riesling"},"content":{"rendered":"<h2 style=\"padding-left: 40px;\">Rittersberg Riesling \u2013 Die Essenz des Granit-Terroirs aus dem Elsass<\/h2>\n<p>Der Rittersberg Riesling ist ein wahrer Ausdruck des au\u00dfergew\u00f6hnlichen Terroirs der H\u00e4nge unterhalb der Ortenburg, in Scherwiller gelegen. Dieser Wein stammt aus der Lage Rittersberg, die f\u00fcr ihre Granitb\u00f6den mit zwei Glimmern bekannt ist, und profitiert von einer S\u00fcd-S\u00fcdost-Ausrichtung, die eine optimale Sonneneinstrahlung bietet. Diese geologische Beschaffenheit verleiht dem Riesling eine ausgepr\u00e4gte Mineralit\u00e4t und eine einzigartige Komplexit\u00e4t, ein getreues Spiegelbild dieses au\u00dfergew\u00f6hnlichen Terroirs. <\/p>\n<p>Angebaut nach den Prinzipien eines nachhaltigen und umweltfreundlichen Weinbaus, ist der Rittersberg Riesling als <strong>Haute Valeur Environnementale (HVE)<\/strong> zertifiziert, was Qualit\u00e4t und Nachhaltigkeit garantiert.<\/p>\n<h2 style=\"padding-left: 40px;\">Verkostung und Aromaprofil des Rittersberg Rieslings<\/h2>\n<p>Dieser Wein besticht durch seine hellgelbe Farbe mit goldenen Reflexen. Die Nase \u00f6ffnet sich mit feinen Aromen von Akazienbl\u00fcten und mineralischen Noten, typisch f\u00fcr Granit. Mit der Zeit treten komplexere und subtilere Nuancen hervor, die seine Eleganz unterstreichen.  <\/p>\n<p>Am Gaumen ist der Auftakt frisch und angenehm. Seine volle und k\u00f6rperreiche Struktur offenbart eine sch\u00f6ne Rundheit, w\u00e4hrend der lebendige und reine Abgang ein Gef\u00fchl von Leichtigkeit hinterl\u00e4sst. Zwischen 8 und 10\u00b0C serviert, entfaltet er seine aromatische F\u00fclle vollst\u00e4ndig. Dieser Riesling kann 3 bis 5 Jahre gelagert werden, um weitere Komplexit\u00e4t zu entwickeln.   <\/p>\n<h2 style=\"padding-left: 40px;\">Speise- und Weinbegleitung<\/h2>\n<p>Der Rittersberg Riesling harmoniert hervorragend mit zahlreichen Gerichten dank seiner Frische und Mineralit\u00e4t:<\/p>\n<ul>\n<li><strong>Meeresfr\u00fcchte und Krustentiere<\/strong>: Austern, Langusten, gegrillte Garnelen<\/li>\n<li><strong>Fisch<\/strong>: gegrillt oder in leichter Sauce<\/li>\n<li><strong>Helles Fleisch und Gefl\u00fcgel<\/strong>: Brathendl, Kalbsschnitzel<\/li>\n<li><strong>K\u00e4se<\/strong>: frischer Ziegenk\u00e4se, Hartk\u00e4se<\/li>\n<\/ul>\n<p>Der Rittersberg Riesling ist ein eleganter und raffinierter Wein, perfekt f\u00fcr gesellige Momente und Mahlzeiten, die einen Wein erfordern, der gleichzeitig frisch, komplex und repr\u00e4sentativ f\u00fcr die Authentizit\u00e4t seines Terroirs ist.<\/p>\n","protected":false},"excerpt":{"rendered":"<h3>AOC Alsace &#8211; Rittersberg Riesling<\/h3>\n<p>Der Rittersberg Riesling dr\u00fcckt elegant den Reichtum seines Granit-Terroirs aus dem Elsass aus.<\/p>\n<ul>\n<li>Subtile Aromen von Akazienbl\u00fcten und ausgepr\u00e4gte mineralische Noten<\/li>\n<li>Frischer, voller und strukturierter Gaumen mit einem sch\u00f6nen Nachhall<\/li>\n<li>Ideal zu Meeresfr\u00fcchten, gegrilltem Fisch und hellem Fleisch<\/li>\n<\/ul>\n<p>Ein raffinierter Wein, der die Authentizit\u00e4t der Lage Rittersberg perfekt widerspiegelt.<\/p>\n","protected":false},"featured_media":1419,"comment_status":"open","ping_status":"closed","template":"","meta":{"_acf_changed":false,"site-sidebar-layout":"default","site-content-layout":"","ast-site-content-layout":"default","site-content-style":"default","site-sidebar-style":"default","ast-global-header-display":"","ast-banner-title-visibility":"","ast-main-header-display":"","ast-hfb-above-header-display":"","ast-hfb-below-header-display":"","ast-hfb-mobile-header-display":"","site-post-title":"","ast-breadcrumbs-content":"","ast-featured-img":"","footer-sml-layout":"","ast-disable-related-posts":"","theme-transparent-header-meta":"default","adv-header-id-meta":"","stick-header-meta":"default","header-above-stick-meta":"","header-main-stick-meta":"","header-below-stick-meta":"","astra-migrate-meta-layouts":"set","ast-page-background-enabled":"default","ast-page-background-meta":{"desktop":{"background-color":"var(--ast-global-color-5)","background-image":"","background-repeat":"repeat","background-position":"center center","background-size":"auto","background-attachment":"scroll","background-type":"","background-media":"","overlay-type":"","overlay-color":"","overlay-opacity":"","overlay-gradient":""},"tablet":{"background-color":"","background-image":"","background-repeat":"repeat","background-position":"center center","background-size":"auto","background-attachment":"scroll","background-type":"","background-media":"","overlay-type":"","overlay-color":"","overlay-opacity":"","overlay-gradient":""},"mobile":{"background-color":"","background-image":"","background-repeat":"repeat","background-position":"center center","background-size":"auto","background-attachment":"scroll","background-type":"","background-media":"","overlay-type":"","overlay-color":"","overlay-opacity":"","overlay-gradient":""}},"ast-content-background-meta":{"desktop":{"background-color":"var(--ast-global-color-4)","background-image":"","background-repeat":"repeat","background-position":"center center","background-size":"auto","background-attachment":"scroll","background-type":"","background-media":"","overlay-type":"","overlay-color":"","overlay-opacity":"","overlay-gradient":""},"tablet":{"background-color":"var(--ast-global-color-4)","background-image":"","background-repeat":"repeat","background-position":"center center","background-size":"auto","background-attachment":"scroll","background-type":"","background-media":"","overlay-type":"","overlay-color":"","overlay-opacity":"","overlay-gradient":""},"mobile":{"background-color":"var(--ast-global-color-4)","background-image":"","background-repeat":"repeat","background-position":"center center","background-size":"auto","background-attachment":"scroll","background-type":"","background-media":"","overlay-type":"","overlay-color":"","overlay-opacity":"","overlay-gradient":""}}},"product_brand":[],"product_cat":[152],"product_tag":[],"class_list":{"0":"post-1771","1":"product","2":"type-product","3":"status-publish","4":"has-post-thumbnail","6":"product_cat-terroir-weine","7":"pa_accords-mets-et-vins-fisch","8":"pa_accords-mets-et-vins-geflugel","9":"pa_accords-mets-et-vins-helles-fleisch","10":"pa_accords-mets-et-vins-meeresfruchte","11":"pa_accords-mets-et-vins-starkkase","12":"pa_sucrosite-trocken","13":"pa_type-de-vin-weiswein","14":"desktop-align-center","15":"tablet-align-left","16":"mobile-align-left","17":"ast-product-gallery-layout-horizontal-slider","18":"ast-product-gallery-with-no-image","19":"ast-product-tabs-layout-horizontal","21":"first","22":"instock","23":"taxable","24":"shipping-taxable","25":"purchasable","26":"product-type-simple"},"acf":[],"_links":{"self":[{"href":"https:\/\/vinruhlmann.fr\/de\/wp-json\/wp\/v2\/product\/1771","targetHints":{"allow":["GET"]}}],"collection":[{"href":"https:\/\/vinruhlmann.fr\/de\/wp-json\/wp\/v2\/product"}],"about":[{"href":"https:\/\/vinruhlmann.fr\/de\/wp-json\/wp\/v2\/types\/product"}],"replies":[{"embeddable":true,"href":"https:\/\/vinruhlmann.fr\/de\/wp-json\/wp\/v2\/comments?post=1771"}],"version-history":[{"count":0,"href":"https:\/\/vinruhlmann.fr\/de\/wp-json\/wp\/v2\/product\/1771\/revisions"}],"wp:featuredmedia":[{"embeddable":true,"href":"https:\/\/vinruhlmann.fr\/de\/wp-json\/wp\/v2\/media\/1419"}],"wp:attachment":[{"href":"https:\/\/vinruhlmann.fr\/de\/wp-json\/wp\/v2\/media?parent=1771"}],"wp:term":[{"taxonomy":"product_brand","embeddable":true,"href":"https:\/\/vinruhlmann.fr\/de\/wp-json\/wp\/v2\/product_brand?post=1771"},{"taxonomy":"product_cat","embeddable":true,"href":"https:\/\/vinruhlmann.fr\/de\/wp-json\/wp\/v2\/product_cat?post=1771"},{"taxonomy":"product_tag","embeddable":true,"href":"https:\/\/vinruhlmann.fr\/de\/wp-json\/wp\/v2\/product_tag?post=1771"}],"curies":[{"name":"wp","href":"https:\/\/api.w.org\/{rel}","templated":true}]}}