{"id":1746,"date":"2025-01-15T18:38:30","date_gmt":"2025-01-15T17:38:30","guid":{"rendered":"https:\/\/vinruhlmann.fr\/produit\/gewuerztraminer\/"},"modified":"2025-08-21T16:40:07","modified_gmt":"2025-08-21T14:40:07","slug":"gewuerztraminer","status":"publish","type":"product","link":"https:\/\/vinruhlmann.fr\/de\/produit\/gewuerztraminer\/","title":{"rendered":"Gew\u00fcrztraminer"},"content":{"rendered":"<h2 style=\"padding-left: 40px;\">Gew\u00fcrztraminer<\/h2>\n<p>Der Gew\u00fcrztraminer ist eine der emblematischsten Rebsorten des Elsass, bekannt f\u00fcr seine aromatische Intensit\u00e4t und seinen Reichtum im Gaumen. Dieser Wein stammt aus einer aromatischen Selektion des Traminers, die Anfang des 19. Jahrhunderts im Elsass durchgef\u00fchrt wurde, und zeichnet sich durch seine kompakten Trauben aus kleinen, zuckerhaltigen rosa Beeren aus. Diese Rebsorte bietet Weine von gro\u00dfer Komplexit\u00e4t, mit intensiven Aromen von exotischen Fr\u00fcchten, Gew\u00fcrzen und Rose.  <\/p>\n<p>Auf lehmig-sandigen B\u00f6den angebaut, profitiert der Gew\u00fcrztraminer von einem Terroir, das die volle Entfaltung seines aromatischen Reichtums beg\u00fcnstigt. Der Weinberg wird nach den Prinzipien des integrierten Weinbaus bewirtschaftet und ist als <strong>Haute Valeur Environnementale (HVE)<\/strong> klassifiziert, was den Umweltschutz und die Qualit\u00e4t des Weins garantiert. <\/p>\n<h2 style=\"padding-left: 40px;\">Verkostung und Aromaprofil des Gew\u00fcrztraminers<\/h2>\n<p>Der Gew\u00fcrztraminer zeichnet sich durch eine sehr ausdrucksstarke Nase aus, die intensive Noten von reifen exotischen Fr\u00fcchten (Litschi, Mango) und Rose enth\u00fcllt, untermauert von subtilen w\u00fcrzigen Nuancen. Im Gaumen ist der Auftakt voll und kr\u00e4ftig, bietet eine sch\u00f6ne Rundheit und eine gro\u00dfz\u00fcgige Textur. Dieser fruchtige Wein f\u00fcllt den Gaumen und endet mit einer w\u00fcrzigen Note, die den Genuss elegant verl\u00e4ngert.  <\/p>\n<p>Servieren Sie ihn bei einer Temperatur von <strong>8-10\u00b0C<\/strong>, um seine aromatische Palette voll zu genie\u00dfen. Dieser Wein kann <strong>3 bis 4 Jahre<\/strong> gelagert werden, um seine Entwicklung und die Komplexit\u00e4t seiner Aromen zu sch\u00e4tzen. <\/p>\n<h2 style=\"padding-left: 40px;\">Speisen- und Weinpaarungen: Die perfekte Geschmacksallianz<\/h2>\n<p>Der Gew\u00fcrztraminer passt wunderbar zu schmackhaften und w\u00fcrzigen Gerichten. Sein aromatischer Reichtum und seine Struktur erm\u00f6glichen es ihm, verschiedene Gerichte zu veredeln: <\/p>\n<ul>\n<li style=\"list-style-type: none;\">\n<ul>\n<li><strong>Aperitif<\/strong>, Empfangs- und Genusswein<\/li>\n<li><strong>Exotische K\u00fcche<\/strong>: w\u00fcrzige asiatische, indische oder thail\u00e4ndische Gerichte<\/li>\n<li><strong>G\u00e4nseleber<\/strong>: klassisch oder gebraten<\/li>\n<li><strong>Ente mit Orangen<\/strong><\/li>\n<li><strong>Munster und kr\u00e4ftiger K\u00e4se<\/strong><\/li>\n<li><strong>Kougelhopf<\/strong> und Desserts mit Trockenfr\u00fcchten<\/li>\n<\/ul>\n<\/li>\n<\/ul>\n<h2 style=\"padding-left: 40px;\">Gew\u00fcrztraminer in der K\u00fcche: Eine exotische und w\u00fcrzige Note<\/h2>\n<p>\u00dcber die Verkostung hinaus l\u00e4sst sich der Gew\u00fcrztraminer perfekt in die K\u00fcche integrieren. Er verfeinert Saucen f\u00fcr wei\u00dfes Fleisch, aromatisiert s\u00fc\u00df-saure Gerichte und veredelt Rezepte auf G\u00e4nseleberbasis. Seine aromatische Intensit\u00e4t verleiht w\u00fcrzigen und exotischen Gerichten eine originelle Note.  <\/p>\n","protected":false},"excerpt":{"rendered":"<h3><strong>AOC Elsass<\/strong><\/h3>\n<p>Der Gew\u00fcrztraminer aus dem Elsass ist ein emblematischer, reichhaltiger und ausdrucksstarker Wei\u00dfwein, ideal f\u00fcr gewagte Kombinationen.<\/p>\n<ul>\n<li>Aromenexplosion von exotischen Fr\u00fcchten, Gew\u00fcrzen und Rose<\/li>\n<li>Perfekt zu G\u00e4nseleber, exotischer K\u00fcche und kr\u00e4ftigem K\u00e4se<\/li>\n<li>Voller und kr\u00e4ftiger Auftakt, w\u00fcrziger Abgang<\/li>\n<\/ul>\n","protected":false},"featured_media":1447,"comment_status":"open","ping_status":"closed","template":"","meta":{"_acf_changed":false,"site-sidebar-layout":"default","site-content-layout":"","ast-site-content-layout":"default","site-content-style":"default","site-sidebar-style":"default","ast-global-header-display":"","ast-banner-title-visibility":"","ast-main-header-display":"","ast-hfb-above-header-display":"","ast-hfb-below-header-display":"","ast-hfb-mobile-header-display":"","site-post-title":"","ast-breadcrumbs-content":"","ast-featured-img":"","footer-sml-layout":"","ast-disable-related-posts":"","theme-transparent-header-meta":"default","adv-header-id-meta":"","stick-header-meta":"default","header-above-stick-meta":"","header-main-stick-meta":"","header-below-stick-meta":"","astra-migrate-meta-layouts":"set","ast-page-background-enabled":"default","ast-page-background-meta":{"desktop":{"background-color":"var(--ast-global-color-5)","background-image":"","background-repeat":"repeat","background-position":"center center","background-size":"auto","background-attachment":"scroll","background-type":"","background-media":"","overlay-type":"","overlay-color":"","overlay-opacity":"","overlay-gradient":""},"tablet":{"background-color":"","background-image":"","background-repeat":"repeat","background-position":"center center","background-size":"auto","background-attachment":"scroll","background-type":"","background-media":"","overlay-type":"","overlay-color":"","overlay-opacity":"","overlay-gradient":""},"mobile":{"background-color":"","background-image":"","background-repeat":"repeat","background-position":"center center","background-size":"auto","background-attachment":"scroll","background-type":"","background-media":"","overlay-type":"","overlay-color":"","overlay-opacity":"","overlay-gradient":""}},"ast-content-background-meta":{"desktop":{"background-color":"var(--ast-global-color-4)","background-image":"","background-repeat":"repeat","background-position":"center center","background-size":"auto","background-attachment":"scroll","background-type":"","background-media":"","overlay-type":"","overlay-color":"","overlay-opacity":"","overlay-gradient":""},"tablet":{"background-color":"var(--ast-global-color-4)","background-image":"","background-repeat":"repeat","background-position":"center center","background-size":"auto","background-attachment":"scroll","background-type":"","background-media":"","overlay-type":"","overlay-color":"","overlay-opacity":"","overlay-gradient":""},"mobile":{"background-color":"var(--ast-global-color-4)","background-image":"","background-repeat":"repeat","background-position":"center center","background-size":"auto","background-attachment":"scroll","background-type":"","background-media":"","overlay-type":"","overlay-color":"","overlay-opacity":"","overlay-gradient":""}}},"product_brand":[],"product_cat":[91],"product_tag":[],"class_list":{"0":"post-1746","1":"product","2":"type-product","3":"status-publish","4":"has-post-thumbnail","6":"product_cat-weintraditionen","7":"pa_accords-mets-et-vins-aperitif-de","8":"pa_accords-mets-et-vins-desserts-de","9":"pa_accords-mets-et-vins-ente","10":"pa_accords-mets-et-vins-exotische-kuchen","11":"pa_accords-mets-et-vins-ganseleber","12":"pa_accords-mets-et-vins-starkkase","13":"pa_sucrosite-halbtrocken","14":"pa_type-de-vin-weiswein","15":"desktop-align-center","16":"tablet-align-left","17":"mobile-align-left","18":"ast-product-gallery-layout-horizontal-slider","19":"ast-product-gallery-with-no-image","20":"ast-product-tabs-layout-horizontal","22":"first","23":"instock","24":"taxable","25":"shipping-taxable","26":"purchasable","27":"product-type-simple"},"acf":[],"_links":{"self":[{"href":"https:\/\/vinruhlmann.fr\/de\/wp-json\/wp\/v2\/product\/1746","targetHints":{"allow":["GET"]}}],"collection":[{"href":"https:\/\/vinruhlmann.fr\/de\/wp-json\/wp\/v2\/product"}],"about":[{"href":"https:\/\/vinruhlmann.fr\/de\/wp-json\/wp\/v2\/types\/product"}],"replies":[{"embeddable":true,"href":"https:\/\/vinruhlmann.fr\/de\/wp-json\/wp\/v2\/comments?post=1746"}],"version-history":[{"count":0,"href":"https:\/\/vinruhlmann.fr\/de\/wp-json\/wp\/v2\/product\/1746\/revisions"}],"wp:featuredmedia":[{"embeddable":true,"href":"https:\/\/vinruhlmann.fr\/de\/wp-json\/wp\/v2\/media\/1447"}],"wp:attachment":[{"href":"https:\/\/vinruhlmann.fr\/de\/wp-json\/wp\/v2\/media?parent=1746"}],"wp:term":[{"taxonomy":"product_brand","embeddable":true,"href":"https:\/\/vinruhlmann.fr\/de\/wp-json\/wp\/v2\/product_brand?post=1746"},{"taxonomy":"product_cat","embeddable":true,"href":"https:\/\/vinruhlmann.fr\/de\/wp-json\/wp\/v2\/product_cat?post=1746"},{"taxonomy":"product_tag","embeddable":true,"href":"https:\/\/vinruhlmann.fr\/de\/wp-json\/wp\/v2\/product_tag?post=1746"}],"curies":[{"name":"wp","href":"https:\/\/api.w.org\/{rel}","templated":true}]}}