{"id":1745,"date":"2025-01-15T17:47:48","date_gmt":"2025-01-15T16:47:48","guid":{"rendered":"https:\/\/vinruhlmann.fr\/produit\/riesling-vieilles-vignes\/"},"modified":"2025-08-21T17:09:13","modified_gmt":"2025-08-21T15:09:13","slug":"riesling-vieilles-vignes","status":"publish","type":"product","link":"https:\/\/vinruhlmann.fr\/de\/produit\/riesling-vieilles-vignes\/","title":{"rendered":"Riesling Vieilles Vignes"},"content":{"rendered":"<h2 style=\"padding-left: 40px;\">Riesling Vieilles Vignes \u2013 Die Exzellenz des els\u00e4ssischen Terroirs<\/h2>\n<p>Der <strong>Riesling Vieilles Vignes<\/strong> stammt von \u00fcber 50 Jahre alten Rebst\u00f6cken; dieser halbtrockene Wei\u00dfwein zeichnet sich durch seinen aromatischen Reichtum und seine Tiefe aus. Als Wahrzeichen des Elsass bietet der Riesling hier eine au\u00dfergew\u00f6hnliche Cuv\u00e9e, das Ergebnis sorgf\u00e4ltiger Arbeit \u00fcber mehrere Generationen hinweg und auf sorgf\u00e4ltig ausgew\u00e4hlten Parzellen. <\/p>\n<h2 style=\"padding-left: 40px;\">Verkostung und aromatisches Profil<\/h2>\n<p>Die Nase des <strong>Riesling Vieilles Vignes<\/strong> ist gro\u00dfz\u00fcgig und fruchtig, dominiert von Aromen frischer Zitrone, untermalt von subtilen Noten von Pfeffer und Salbei. Am Gaumen zeigt er eine volle und elegante Struktur, unterst\u00fctzt von einer lebhaften S\u00e4ure, die Frische und Ausgewogenheit verleiht. Mit der Zeit bereichern mineralische Nuancen seine Komplexit\u00e4t und bieten einen kr\u00e4ftigen, harmonischen Wein mit sch\u00f6ner Rundheit.  <\/p>\n<p>Servieren Sie ihn zwischen <strong>8 und 10 \u00b0C<\/strong>, um seinen aromatischen Reichtum voll zu entfalten. Seine Lagerf\u00e4higkeit von <strong>3 bis 5 Jahren<\/strong> erm\u00f6glicht es, seine mineralischen Noten und seine Tiefe weiter zu entwickeln. <\/p>\n<h2 style=\"padding-left: 40px;\">Speise- und Weinbegleitung zum Riesling Vieilles Vignes<\/h2>\n<p>Der Riesling Vieilles Vignes ist der ideale Begleiter zu raffinierten und gastronomischen Gerichten. Er veredelt insbesondere: <\/p>\n<ul>\n<li style=\"list-style-type: none;\">\n<ul>\n<li><strong>Wei\u00dfes Fleisch und Braten<\/strong><\/li>\n<li><strong>Kaisergranat und Hummer<\/strong><\/li>\n<li><strong>Fisch in cremiger So\u00dfe<\/strong><\/li>\n<li><strong>Warmer Ziegenk\u00e4se und gereifte K\u00e4sesorten<\/strong><\/li>\n<li><strong>K\u00f6niginpastetchen und Kalbsbries<\/strong><\/li>\n<\/ul>\n<\/li>\n<\/ul>\n<h2 style=\"padding-left: 40px;\">Riesling in der K\u00fcche<\/h2>\n<p>In der K\u00fcche verleiht er Rezepten Finesse und Eleganz. Ideal zum Abl\u00f6schen von So\u00dfen oder als Begleiter zu Gerichten mit Meeresfr\u00fcchten und Gefl\u00fcgel, unterstreicht er subtil die Aromen mit seiner Lebendigkeit und Struktur. <\/p>\n<h2 style=\"padding-left: 40px;\">Engagement und Qualit\u00e4t des Weinbergs<\/h2>\n<p>Angebaut auf einem <strong>steinreichen, lehmig-sandigen Boden<\/strong>, profitiert dieser Wein von einem nachhaltigen und verantwortungsvollen Weinbau. Als <strong>Haute Valeur Environnementale (HVE)<\/strong> klassifiziert, spiegelt er das Engagement des Weinguts f\u00fcr eine nachhaltige und naturverbundene Produktion wider. <\/p>\n","protected":false},"excerpt":{"rendered":"<h3><strong>AOC Elsass<\/strong><\/h3>\n<p>Der Riesling Vieilles Vignes ist ein gro\u00dfer, trockener und eleganter Wei\u00dfwein, der von \u00fcber 50 Jahre alten Rebst\u00f6cken stammt und perfekt f\u00fcr die Gastronomie ist.<\/p>\n<ul>\n<li>Voller und frischer Wein, mit Aromen von Zitrusfr\u00fcchten, Pfeffer und Salbei<\/li>\n<li>Ideal zu Fisch in So\u00dfe, Meeresfr\u00fcchten und wei\u00dfem Fleisch<\/li>\n<li>Sch\u00f6ne mineralische Struktur, Rundheit und L\u00e4nge am Gaumen<\/li>\n<\/ul>\n","protected":false},"featured_media":1427,"comment_status":"open","ping_status":"closed","template":"","meta":{"_acf_changed":false,"site-sidebar-layout":"default","site-content-layout":"","ast-site-content-layout":"default","site-content-style":"default","site-sidebar-style":"default","ast-global-header-display":"","ast-banner-title-visibility":"","ast-main-header-display":"","ast-hfb-above-header-display":"","ast-hfb-below-header-display":"","ast-hfb-mobile-header-display":"","site-post-title":"","ast-breadcrumbs-content":"","ast-featured-img":"","footer-sml-layout":"","ast-disable-related-posts":"","theme-transparent-header-meta":"default","adv-header-id-meta":"","stick-header-meta":"default","header-above-stick-meta":"","header-main-stick-meta":"","header-below-stick-meta":"","astra-migrate-meta-layouts":"set","ast-page-background-enabled":"default","ast-page-background-meta":{"desktop":{"background-color":"var(--ast-global-color-5)","background-image":"","background-repeat":"repeat","background-position":"center center","background-size":"auto","background-attachment":"scroll","background-type":"","background-media":"","overlay-type":"","overlay-color":"","overlay-opacity":"","overlay-gradient":""},"tablet":{"background-color":"","background-image":"","background-repeat":"repeat","background-position":"center center","background-size":"auto","background-attachment":"scroll","background-type":"","background-media":"","overlay-type":"","overlay-color":"","overlay-opacity":"","overlay-gradient":""},"mobile":{"background-color":"","background-image":"","background-repeat":"repeat","background-position":"center center","background-size":"auto","background-attachment":"scroll","background-type":"","background-media":"","overlay-type":"","overlay-color":"","overlay-opacity":"","overlay-gradient":""}},"ast-content-background-meta":{"desktop":{"background-color":"var(--ast-global-color-4)","background-image":"","background-repeat":"repeat","background-position":"center center","background-size":"auto","background-attachment":"scroll","background-type":"","background-media":"","overlay-type":"","overlay-color":"","overlay-opacity":"","overlay-gradient":""},"tablet":{"background-color":"var(--ast-global-color-4)","background-image":"","background-repeat":"repeat","background-position":"center center","background-size":"auto","background-attachment":"scroll","background-type":"","background-media":"","overlay-type":"","overlay-color":"","overlay-opacity":"","overlay-gradient":""},"mobile":{"background-color":"var(--ast-global-color-4)","background-image":"","background-repeat":"repeat","background-position":"center center","background-size":"auto","background-attachment":"scroll","background-type":"","background-media":"","overlay-type":"","overlay-color":"","overlay-opacity":"","overlay-gradient":""}}},"product_brand":[],"product_cat":[91],"product_tag":[],"class_list":{"0":"post-1745","1":"product","2":"type-product","3":"status-publish","4":"has-post-thumbnail","6":"product_cat-weintraditionen","7":"pa_accords-mets-et-vins-fisch","8":"pa_accords-mets-et-vins-helles-fleisch","9":"pa_accords-mets-et-vins-meeresfruchte","10":"pa_sucrosite-halbtrocken","11":"pa_type-de-vin-weiswein","12":"desktop-align-center","13":"tablet-align-left","14":"mobile-align-left","15":"ast-product-gallery-layout-horizontal-slider","16":"ast-product-gallery-with-no-image","17":"ast-product-tabs-layout-horizontal","19":"first","20":"instock","21":"taxable","22":"shipping-taxable","23":"purchasable","24":"product-type-simple"},"acf":[],"_links":{"self":[{"href":"https:\/\/vinruhlmann.fr\/de\/wp-json\/wp\/v2\/product\/1745","targetHints":{"allow":["GET"]}}],"collection":[{"href":"https:\/\/vinruhlmann.fr\/de\/wp-json\/wp\/v2\/product"}],"about":[{"href":"https:\/\/vinruhlmann.fr\/de\/wp-json\/wp\/v2\/types\/product"}],"replies":[{"embeddable":true,"href":"https:\/\/vinruhlmann.fr\/de\/wp-json\/wp\/v2\/comments?post=1745"}],"version-history":[{"count":0,"href":"https:\/\/vinruhlmann.fr\/de\/wp-json\/wp\/v2\/product\/1745\/revisions"}],"wp:featuredmedia":[{"embeddable":true,"href":"https:\/\/vinruhlmann.fr\/de\/wp-json\/wp\/v2\/media\/1427"}],"wp:attachment":[{"href":"https:\/\/vinruhlmann.fr\/de\/wp-json\/wp\/v2\/media?parent=1745"}],"wp:term":[{"taxonomy":"product_brand","embeddable":true,"href":"https:\/\/vinruhlmann.fr\/de\/wp-json\/wp\/v2\/product_brand?post=1745"},{"taxonomy":"product_cat","embeddable":true,"href":"https:\/\/vinruhlmann.fr\/de\/wp-json\/wp\/v2\/product_cat?post=1745"},{"taxonomy":"product_tag","embeddable":true,"href":"https:\/\/vinruhlmann.fr\/de\/wp-json\/wp\/v2\/product_tag?post=1745"}],"curies":[{"name":"wp","href":"https:\/\/api.w.org\/{rel}","templated":true}]}}