{"id":3416,"date":"2025-10-19T16:22:01","date_gmt":"2025-10-19T14:22:01","guid":{"rendered":"https:\/\/vinruhlmann.fr\/die-cremants\/"},"modified":"2025-10-19T18:17:02","modified_gmt":"2025-10-19T16:17:02","slug":"die-cremants","status":"publish","type":"page","link":"https:\/\/vinruhlmann.fr\/de\/die-cremants\/","title":{"rendered":"Die Cr\u00e9mants"},"content":{"rendered":"\t\t<div data-elementor-type=\"wp-page\" data-elementor-id=\"3416\" class=\"elementor elementor-3416 elementor-3386\" data-elementor-post-type=\"page\">\n\t\t\t\t<div class=\"elementor-element elementor-element-7f64bfd e-con-full e-flex e-con e-parent\" data-id=\"7f64bfd\" data-element_type=\"container\" data-e-type=\"container\" data-settings=\"{&quot;background_background&quot;:&quot;classic&quot;}\">\n\t\t\t\t<div class=\"elementor-element elementor-element-7574a4d elementor-widget elementor-widget-heading\" data-id=\"7574a4d\" data-element_type=\"widget\" data-e-type=\"widget\" data-widget_type=\"heading.default\">\n\t\t\t\t\t<h1 class=\"elementor-heading-title elementor-size-default\">Die Cr\u00e9mants<\/h1>\t\t\t\t<\/div>\n\t\t\t\t<div class=\"elementor-element elementor-element-d792c94 elementor-widget-divider--view-line elementor-widget elementor-widget-divider\" data-id=\"d792c94\" data-element_type=\"widget\" data-e-type=\"widget\" data-widget_type=\"divider.default\">\n\t\t\t\t\t\t\t<div class=\"elementor-divider\">\n\t\t\t<span class=\"elementor-divider-separator\">\n\t\t\t\t\t\t<\/span>\n\t\t<\/div>\n\t\t\t\t\t\t<\/div>\n\t\t\t\t<\/div>\n\t\t<div class=\"elementor-element elementor-element-9485e89 e-flex e-con-boxed e-con e-parent\" data-id=\"9485e89\" data-element_type=\"container\" data-e-type=\"container\">\n\t\t\t\t\t<div class=\"e-con-inner\">\n\t\t\t\t<div class=\"elementor-element elementor-element-de6a9cb elementor-widget elementor-widget-text-editor\" data-id=\"de6a9cb\" data-element_type=\"widget\" data-e-type=\"widget\" data-widget_type=\"text-editor.default\">\n\t\t\t\t\t\t\t\t\t<p style=\"text-align: center;\">Die Frische des Elsass und die Pr\u00e4zision der traditionellen Methode. Handlese, zweite Flascheng\u00e4rung, geduldige Reifung auf Latten: Wir streben nach der feinsten Perlage, der klarsten Textur und einem knackigen Fruchtaroma, sowohl als Aperitif als auch zum Essen. <\/p>\t\t\t\t\t\t\t\t<\/div>\n\t\t\t\t<div class=\"elementor-element elementor-element-b87a403 uael-woo--align-center uael-sale-flash-custom elementor-widget elementor-widget-uael-woo-products\" data-id=\"b87a403\" data-element_type=\"widget\" data-e-type=\"widget\" data-settings=\"{&quot;products_columns&quot;:&quot;3&quot;,&quot;products_columns_tablet&quot;:&quot;3&quot;,&quot;products_columns_mobile&quot;:&quot;1&quot;}\" data-widget_type=\"uael-woo-products.grid-franko\">\n\t\t\t\t<div class=\"elementor-widget-container\">\n\t\t\t\t\t<div class=\"uael-woocommerce uael-woo-products-grid uael-woo-skin-grid-franko uael-woo-query-custom\" data-page=\"3416\" data-skin=\"grid_franko\"><div class=\" columns-3 uael-woo-products-inner uael-woo-product__column-3 uael-woo-product__column-tablet-3 uael-woo-product__column-mobile-1\"><ul class=\"products columns-3\">\n\n<li class=\" die cr\u00e9mants d&#039;alsace post-1804 product first instock taxable shipping-taxable purchasable product-type-simple\">\n\t<div class=\"uael-woo-product-wrapper\">\n\t\t<div class=\"uael-woo-products-thumbnail-wrap\"><div class=\"uael-flash-container \"><\/div><a href=\"https:\/\/vinruhlmann.fr\/de\/produit\/cremant-extra-brut\/\" class=\"woocommerce-LoopProduct-link woocommerce-loop-product__link\"><img fetchpriority=\"high\" decoding=\"async\" width=\"350\" height=\"1289\" src=\"https:\/\/vinruhlmann.fr\/wp-content\/uploads\/2025\/07\/Cremant-Extra-brut-scaled.webp\" class=\"attachment-woocommerce_thumbnail size-woocommerce_thumbnail\" alt=\"Cr\u00e9mant Extra-Brut\" title=\"\"><\/a><div class=\"uael-product-actions\"><div class=\"uael-action-item-wrap uael-quick-view-btn\" data-product_id=\"1804\"><span class=\"uael-action-item fa fa-eye\"><\/span><span class=\"uael-action-tooltip\">Schnellansicht<\/span><\/div><\/div><\/div><div class=\"uael-woo-products-summary-wrap\"><a href=\"https:\/\/vinruhlmann.fr\/de\/produit\/cremant-extra-brut\/\" class=\"uael-loop-product__link\"><h2 class=\"woocommerce-loop-product__title\">Cr\u00e9mant Extra-Brut<\/h2><\/a>\n\t<span class=\"price\"><span class=\"woocommerce-Price-amount amount\"><bdi>15,50&nbsp;<span class=\"woocommerce-Price-currencySymbol\">&euro;<\/span><\/bdi><\/span><\/span>\n<\/div>\t<\/div>\n<\/li>\n\n<li class=\" die cr\u00e9mants d&#039;alsace post-1793 product  instock taxable shipping-taxable purchasable product-type-simple\">\n\t<div class=\"uael-woo-product-wrapper\">\n\t\t<div class=\"uael-woo-products-thumbnail-wrap\"><div class=\"uael-flash-container \"><\/div><a href=\"https:\/\/vinruhlmann.fr\/de\/produit\/cremant-rose-dalsace\/\" class=\"woocommerce-LoopProduct-link woocommerce-loop-product__link\"><img decoding=\"async\" width=\"265\" height=\"1009\" src=\"https:\/\/vinruhlmann.fr\/wp-content\/uploads\/2025\/01\/Cremant-rose.webp\" class=\"attachment-woocommerce_thumbnail size-woocommerce_thumbnail\" alt=\"Cr\u00e9mant Ros\u00e9 d&#039;Alsace\" title=\"\"><\/a><div class=\"uael-product-actions\"><div class=\"uael-action-item-wrap uael-quick-view-btn\" data-product_id=\"1793\"><span class=\"uael-action-item fa fa-eye\"><\/span><span class=\"uael-action-tooltip\">Schnellansicht<\/span><\/div><\/div><\/div><div class=\"uael-woo-products-summary-wrap\"><a href=\"https:\/\/vinruhlmann.fr\/de\/produit\/cremant-rose-dalsace\/\" class=\"uael-loop-product__link\"><h2 class=\"woocommerce-loop-product__title\">Cr\u00e9mant Ros\u00e9 d&#8217;Alsace<\/h2><\/a>\n\t<span class=\"price\"><span class=\"woocommerce-Price-amount amount\"><bdi>13,80&nbsp;<span class=\"woocommerce-Price-currencySymbol\">&euro;<\/span><\/bdi><\/span><\/span>\n<\/div>\t<\/div>\n<\/li>\n\n<li class=\" die cr\u00e9mants d&#039;alsace post-1788 product last instock taxable shipping-taxable purchasable product-type-simple\">\n\t<div class=\"uael-woo-product-wrapper\">\n\t\t<div class=\"uael-woo-products-thumbnail-wrap\"><div class=\"uael-flash-container \"><\/div><a href=\"https:\/\/vinruhlmann.fr\/de\/produit\/cremant-dalsace\/\" class=\"woocommerce-LoopProduct-link woocommerce-loop-product__link\"><img decoding=\"async\" width=\"266\" height=\"1013\" src=\"https:\/\/vinruhlmann.fr\/wp-content\/uploads\/2025\/01\/Cremant-dAlsace-Brut.webp\" class=\"attachment-woocommerce_thumbnail size-woocommerce_thumbnail\" alt=\"Cr\u00e9mant d&#039;Alsace Brut\" title=\"\"><\/a><div class=\"uael-product-actions\"><div class=\"uael-action-item-wrap uael-quick-view-btn\" data-product_id=\"1788\"><span class=\"uael-action-item fa fa-eye\"><\/span><span class=\"uael-action-tooltip\">Schnellansicht<\/span><\/div><\/div><\/div><div class=\"uael-woo-products-summary-wrap\"><a href=\"https:\/\/vinruhlmann.fr\/de\/produit\/cremant-dalsace\/\" class=\"uael-loop-product__link\"><h2 class=\"woocommerce-loop-product__title\">Cr\u00e9mant d&#8217;Alsace<\/h2><\/a>\n\t<span class=\"price\"><span class=\"woocommerce-Price-amount amount\"><bdi>12,00&nbsp;<span class=\"woocommerce-Price-currencySymbol\">&euro;<\/span><\/bdi><\/span><\/span>\n<\/div>\t<\/div>\n<\/li>\n<\/ul>\n<\/div><\/div><div class=\"uael-quick-view-b87a403\">\n\t<div class=\"uael-quick-view-bg\"><div class=\"uael-quick-view-loader\"><\/div><\/div>\n\t<div id=\"uael-quick-view-modal\">\n\t\t<div class=\"uael-content-main-wrapper\"><!--\n\t\t--><div class=\"uael-content-main\">\n\t\t\t\t<div class=\"uael-lightbox-content\">\n\t\t\t\t\t<div class=\"uael-content-main-head\">\n\t\t\t\t\t\t<a href=\"#\" id=\"uael-quick-view-close\" class=\"uael-quick-view-close-btn fas fa-times\"><\/a>\n\t\t\t\t\t<\/div>\n\t\t\t\t\t<div id=\"uael-quick-view-content\" class=\"woocommerce single-product\"><\/div>\n\t\t\t\t<\/div>\n\t\t\t<\/div>\n\t\t<\/div>\n\t<\/div>\n<\/div>\n\t\t\t\t<\/div>\n\t\t\t\t<\/div>\n\t\t\t\t\t<\/div>\n\t\t\t\t<\/div>\n\t\t<div class=\"elementor-element elementor-element-9623817 e-grid e-con-boxed e-con e-parent\" data-id=\"9623817\" data-element_type=\"container\" data-e-type=\"container\">\n\t\t\t\t\t<div class=\"e-con-inner\">\n\t\t\t\t<div class=\"elementor-element elementor-element-9feb705 elementor-widget elementor-widget-text-editor\" data-id=\"9feb705\" data-element_type=\"widget\" data-e-type=\"widget\" data-widget_type=\"text-editor.default\">\n\t\t\t\t\t\t\t\t\t<p style=\"text-align: center;\">Chardonnay Cr\u00e9mants mit 36 Monaten Reifung. <strong data-start=\"1455\" data-end=\"1486\">Trocken, pr\u00e4zise, gastronomisch.<\/strong> Sehr niedrige Dosage (\u2248 3 g\/L), sehr feine Perlage, Noten von Brioche, wei\u00dfen Bl\u00fcten und Toast. Spannung, L\u00e4nge, S\u00e4ure-\/Bitterkeitsbalance. Hervorragend als Aperitif, zu Hummer, feinem Fisch, Fisch-Sauerkraut.  <\/p>\t\t\t\t\t\t\t\t<\/div>\n\t\t\t\t<div class=\"elementor-element elementor-element-b712939 elementor-widget elementor-widget-text-editor\" data-id=\"b712939\" data-element_type=\"widget\" data-e-type=\"widget\" data-widget_type=\"text-editor.default\">\n\t\t\t\t\t\t\t\t\t<p style=\"text-align: center;\">Eine lachsrosa Farbe. Himbeere, Erdbeere, elegante Perlage und ein frischer, leicht abgerundeter Abgang. Perfekt als Aperitif, zu Meeresfr\u00fcchten, R\u00e4ucherlachs oder leichten Desserts.  <\/p>\t\t\t\t\t\t\t\t<\/div>\n\t\t\t\t<div class=\"elementor-element elementor-element-e4d98f9 elementor-widget elementor-widget-text-editor\" data-id=\"e4d98f9\" data-element_type=\"widget\" data-e-type=\"widget\" data-widget_type=\"text-editor.default\">\n\t\t\t\t\t\t\t\t\t<p>Cuv\u00e9e aus Pinots und Riesling (manchmal ein Hauch Chardonnay). Nase von wei\u00dfen Bl\u00fcten und Pfirsich, belebender Gaumen, feine Perlage. Servieren bei <g id=\"gid_0\">5\u20137 \u00b0C<\/g>. Ideal als Aperitif, zu Meeresfr\u00fcchten, geschmortem Schinken, Fisch-Sauerkraut oder einem Fruchtdessert.   <\/p>\t\t\t\t\t\t\t\t<\/div>\n\t\t\t\t\t<\/div>\n\t\t\t\t<\/div>\n\t\t<div class=\"elementor-element elementor-element-9b4e3ab e-flex e-con-boxed e-con e-parent\" data-id=\"9b4e3ab\" data-element_type=\"container\" data-e-type=\"container\">\n\t\t\t\t\t<div class=\"e-con-inner\">\n\t\t\t\t<div class=\"elementor-element elementor-element-1fff876 elementor-widget elementor-widget-text-editor\" data-id=\"1fff876\" data-element_type=\"widget\" data-e-type=\"widget\" data-widget_type=\"text-editor.default\">\n\t\t\t\t\t\t\t\t\t<h2>Was sind Cr\u00e9mants?<\/h2><p> <\/p><p style=\"text-align: center;\">Unsere Cr\u00e9mants werden nach traditioneller Methode hergestellt: Handlese, Pressen ganzer Trauben (f\u00fcr Wei\u00dfweine), klarster Grundwein, dann Tirage (zweite Flascheng\u00e4rung ab dem 1. Dezember nach der Ernte), Hefelagerung \u2265 9 Monate, Vermarktung \u2265 12 Monate nach der Tirage, R\u00fctteln, Degorgieren und Dosage (Brut, Extra-Brut\u2026).<\/p><p>Das Lastenheft legt auch die Rebsorten fest: f\u00fcr Wei\u00dfwein \u2014 Auxerrois, Chardonnay, Wei\u00dfburgunder, Grauburgunder, als Wei\u00dfwein vinifizierter Sp\u00e4tburgunder, Riesling; f\u00fcr Ros\u00e9 \u2014 ausschlie\u00dflich Sp\u00e4tburgunder; sowie die Ertr\u00e4ge (Basis 80 hl\/ha, Obergrenze 96 hl\/ha) und die Mindestreife (\u2265 144 g\/L Zucker, ca. 9 % vol nat\u00fcrlich).<\/p><p>Ergebnis: feine und geradlinige Perlage, vom floralen und pr\u00e4zisen Brut bis zum strafferen und briochigeren Mill\u00e9sim\u00e9 Extra-Brut, mit einem 100 % Sp\u00e4tburgunder Ros\u00e9, der nach roten Fr\u00fcchten schmeckt.<\/p><p>K\u00fchl servieren (5\u20137 \u00b0C), idealerweise in einem Tulpenglas, um die Aromatik und die Feinheit des Schaums zu bewahren.<\/p>\t\t\t\t\t\t\t\t<\/div>\n\t\t\t\t\t<\/div>\n\t\t\t\t<\/div>\n\t\t\t\t<\/div>\n\t\t","protected":false},"excerpt":{"rendered":"<p>Die Frische des Elsass und die Pr\u00e4zision der traditionellen Methode. Handlese, zweite Flascheng\u00e4rung, geduldige Reifung auf Latten: Wir streben nach [&hellip;]<\/p>\n","protected":false},"author":2,"featured_media":1620,"parent":0,"menu_order":0,"comment_status":"closed","ping_status":"closed","template":"","meta":{"_acf_changed":false,"site-sidebar-layout":"no-sidebar","site-content-layout":"","ast-site-content-layout":"full-width-container","site-content-style":"default","site-sidebar-style":"default","ast-global-header-display":"","ast-banner-title-visibility":"","ast-main-header-display":"","ast-hfb-above-header-display":"","ast-hfb-below-header-display":"","ast-hfb-mobile-header-display":"","site-post-title":"disabled","ast-breadcrumbs-content":"","ast-featured-img":"disabled","footer-sml-layout":"","ast-disable-related-posts":"","theme-transparent-header-meta":"","adv-header-id-meta":"","stick-header-meta":"","header-above-stick-meta":"","header-main-stick-meta":"","header-below-stick-meta":"","astra-migrate-meta-layouts":"default","ast-page-background-enabled":"default","ast-page-background-meta":{"desktop":{"background-color":"var(--ast-global-color-5)","background-image":"","background-repeat":"repeat","background-position":"center center","background-size":"auto","background-attachment":"scroll","background-type":"","background-media":"","overlay-type":"","overlay-color":"","overlay-opacity":"","overlay-gradient":""},"tablet":{"background-color":"","background-image":"","background-repeat":"repeat","background-position":"center center","background-size":"auto","background-attachment":"scroll","background-type":"","background-media":"","overlay-type":"","overlay-color":"","overlay-opacity":"","overlay-gradient":""},"mobile":{"background-color":"","background-image":"","background-repeat":"repeat","background-position":"center center","background-size":"auto","background-attachment":"scroll","background-type":"","background-media":"","overlay-type":"","overlay-color":"","overlay-opacity":"","overlay-gradient":""}},"ast-content-background-meta":{"desktop":{"background-color":"var(--ast-global-color-4)","background-image":"","background-repeat":"repeat","background-position":"center center","background-size":"auto","background-attachment":"scroll","background-type":"","background-media":"","overlay-type":"","overlay-color":"","overlay-opacity":"","overlay-gradient":""},"tablet":{"background-color":"var(--ast-global-color-4)","background-image":"","background-repeat":"repeat","background-position":"center center","background-size":"auto","background-attachment":"scroll","background-type":"","background-media":"","overlay-type":"","overlay-color":"","overlay-opacity":"","overlay-gradient":""},"mobile":{"background-color":"var(--ast-global-color-4)","background-image":"","background-repeat":"repeat","background-position":"center center","background-size":"auto","background-attachment":"scroll","background-type":"","background-media":"","overlay-type":"","overlay-color":"","overlay-opacity":"","overlay-gradient":""}},"footnotes":""},"class_list":["post-3416","page","type-page","status-publish","has-post-thumbnail","hentry","desktop-align-center","tablet-align-left","mobile-align-left","ast-product-gallery-layout-horizontal-slider","ast-product-gallery-with-no-image","ast-product-tabs-layout-horizontal"],"acf":[],"_links":{"self":[{"href":"https:\/\/vinruhlmann.fr\/de\/wp-json\/wp\/v2\/pages\/3416","targetHints":{"allow":["GET"]}}],"collection":[{"href":"https:\/\/vinruhlmann.fr\/de\/wp-json\/wp\/v2\/pages"}],"about":[{"href":"https:\/\/vinruhlmann.fr\/de\/wp-json\/wp\/v2\/types\/page"}],"author":[{"embeddable":true,"href":"https:\/\/vinruhlmann.fr\/de\/wp-json\/wp\/v2\/users\/2"}],"replies":[{"embeddable":true,"href":"https:\/\/vinruhlmann.fr\/de\/wp-json\/wp\/v2\/comments?post=3416"}],"version-history":[{"count":1,"href":"https:\/\/vinruhlmann.fr\/de\/wp-json\/wp\/v2\/pages\/3416\/revisions"}],"predecessor-version":[{"id":3417,"href":"https:\/\/vinruhlmann.fr\/de\/wp-json\/wp\/v2\/pages\/3416\/revisions\/3417"}],"wp:featuredmedia":[{"embeddable":true,"href":"https:\/\/vinruhlmann.fr\/de\/wp-json\/wp\/v2\/media\/1620"}],"wp:attachment":[{"href":"https:\/\/vinruhlmann.fr\/de\/wp-json\/wp\/v2\/media?parent=3416"}],"curies":[{"name":"wp","href":"https:\/\/api.w.org\/{rel}","templated":true}]}}