{"id":1839,"date":"2025-01-18T22:28:28","date_gmt":"2025-01-18T21:28:28","guid":{"rendered":"https:\/\/vinruhlmann.fr\/das-weingut\/"},"modified":"2025-08-14T00:34:28","modified_gmt":"2025-08-13T22:34:28","slug":"das-weingut","status":"publish","type":"page","link":"https:\/\/vinruhlmann.fr\/de\/das-weingut\/","title":{"rendered":"Das Weingut"},"content":{"rendered":"\t\t<div data-elementor-type=\"wp-page\" data-elementor-id=\"1839\" class=\"elementor elementor-1839 elementor-639\" data-elementor-post-type=\"page\">\n\t\t\t\t<div class=\"elementor-element elementor-element-fa4bc05 e-con-full e-flex e-con e-parent\" data-id=\"fa4bc05\" data-element_type=\"container\" data-e-type=\"container\" data-settings=\"{&quot;background_background&quot;:&quot;classic&quot;}\">\n\t\t\t\t<div class=\"elementor-element elementor-element-43d8e77 elementor-widget-divider--view-line elementor-widget elementor-widget-divider\" data-id=\"43d8e77\" data-element_type=\"widget\" data-e-type=\"widget\" data-widget_type=\"divider.default\">\n\t\t\t\t\t\t\t<div class=\"elementor-divider\">\n\t\t\t<span class=\"elementor-divider-separator\">\n\t\t\t\t\t\t<\/span>\n\t\t<\/div>\n\t\t\t\t\t\t<\/div>\n\t\t\t\t<div class=\"elementor-element elementor-element-009af9a elementor-widget elementor-widget-heading\" data-id=\"009af9a\" data-element_type=\"widget\" data-e-type=\"widget\" data-widget_type=\"heading.default\">\n\t\t\t\t\t<h1 class=\"elementor-heading-title elementor-size-default\">Das Weingut Ruhlmann<\/h1>\t\t\t\t<\/div>\n\t\t\t\t<\/div>\n\t\t<div class=\"elementor-element elementor-element-d1f263b e-flex e-con-boxed e-con e-parent\" data-id=\"d1f263b\" data-element_type=\"container\" data-e-type=\"container\">\n\t\t\t\t\t<div class=\"e-con-inner\">\n\t\t\t\t<div class=\"elementor-element elementor-element-a4e3f51 elementor-widget elementor-widget-text-editor\" data-id=\"a4e3f51\" data-element_type=\"widget\" data-e-type=\"widget\" data-widget_type=\"text-editor.default\">\n\t\t\t\t\t\t\t\t\t<p>Als passionierte unabh\u00e4ngige Winzer ist unser Weingut seit 1958 in Scherwiller, im Herzen des els\u00e4ssischen Weinbaugebiets, ans\u00e4ssig und wird in reinster Tradition von Vater zu Sohn weitergegeben.<br>Ideal an der Weinstra\u00dfe gelegen, am Fu\u00dfe der Burg Ortenbourg (12. Jh.) und des Haut-Koenigsbourg, ist der Boden unseres Weinguts kiesig oder granithaltig.<\/p><p>Wir praktizieren nachhaltigen Anbau, um dieses Erbe zu pflegen und aufzuwerten, mit dem Ziel, es zuk\u00fcnftigen Generationen zu \u00fcbergeben.<br>Wir arbeiten mit Freude und Einfachheit, um einzigartige Weine aus unserem eigenen Weinberg zu kreieren.<\/p><p>Entdecken Sie unser traditionelles Sortiment an Rebsortenweinen.<br>Genie\u00dfen Sie die Frucht unseres Granitbodens, den RITTERSBERG, und die Appellation SCHERWILLER, die aus dem fr\u00fchreifen Kiesboden stammt.<br>Lassen Sie sich von unseren Cr\u00e9mants d\u2019Alsace begeistern. Lassen Sie sich vom Verf\u00fchrungsspiel der Vendanges Tardives, unseren gro\u00dfen S\u00fc\u00dfweinen, verzaubern. <\/p><p>Unsere famili\u00e4re, handwerkliche und exklusive Produktion umfasst einige Zehntausend Flaschen mit authentischem und charakteristischem Geschmack.<\/p>\t\t\t\t\t\t\t\t<\/div>\n\t\t\t\t\t<\/div>\n\t\t\t\t<\/div>\n\t\t<div class=\"elementor-element elementor-element-133a1c9 e-con-full e-flex e-con e-parent\" data-id=\"133a1c9\" data-element_type=\"container\" data-e-type=\"container\">\n\t\t<div class=\"elementor-element elementor-element-24ddaf2 e-con-full e-flex e-con e-child\" data-id=\"24ddaf2\" data-element_type=\"container\" data-e-type=\"container\" data-settings=\"{&quot;background_background&quot;:&quot;classic&quot;}\">\n\t\t\t\t<\/div>\n\t\t<div class=\"elementor-element elementor-element-a3a6cd2 e-con-full e-flex e-con e-child\" data-id=\"a3a6cd2\" data-element_type=\"container\" data-e-type=\"container\" data-settings=\"{&quot;background_background&quot;:&quot;classic&quot;}\">\n\t\t\t\t<\/div>\n\t\t<div class=\"elementor-element elementor-element-f68b66e e-con-full e-flex e-con e-child\" data-id=\"f68b66e\" data-element_type=\"container\" data-e-type=\"container\" data-settings=\"{&quot;background_background&quot;:&quot;classic&quot;}\">\n\t\t\t\t<\/div>\n\t\t\t\t<\/div>\n\t\t<div class=\"elementor-element elementor-element-822857a e-flex e-con-boxed e-con e-parent\" data-id=\"822857a\" data-element_type=\"container\" data-e-type=\"container\">\n\t\t\t\t\t<div class=\"e-con-inner\">\n\t\t\t\t<div class=\"elementor-element elementor-element-ea761e3 elementor-widget elementor-widget-text-editor\" data-id=\"ea761e3\" data-element_type=\"widget\" data-e-type=\"widget\" data-widget_type=\"text-editor.default\">\n\t\t\t\t\t\t\t\t\t<h2>Die Geschichte des Weinguts Ruhlmann<\/h2><p>Urspr\u00fcnglich war Gilbert RUHLMANN Holzf\u00e4ller und arbeitete auf dem Familienbauernhof, wo sein Vater bereits Wein herstellte.<br>1958 wurde der Gro\u00dfteil seiner Produktion bereits in Flaschen verkauft.<\/p><p>1962 zog er nach seiner Heirat nach Scherwiller. Zu dieser Zeit wurden auf ihrem kleinen Hof nur 3 Rebsorten angebaut.<br>In den 70er Jahren spezialisierten sich diese Liebhaber des Bodens auf den Weinbau und bauten den heutigen Keller.<br>In den 80er Jahren wurden die 7 Rebsorten des els\u00e4ssischen Terroirs auf dem Weingut angebaut und 1984 wurde die erste Cuv\u00e9e des Cr\u00e9mant d\u2019Alsace produziert. <\/p><p>In den 90er Jahren wurde der Weinberg erweitert.<br>Der \u00e4lteste Sohn, Guy, schlie\u00dft sein \u00d6nologie-Studium ab und \u00fcbernimmt das Weingut.<br>Im Jahr 2000 kam sein Bruder Pascal nach seinem Weinbaustudium ebenfalls hinzu.<br>Der Erwerb neuer Parzellen im Rittersberg und Ortenberg erm\u00f6glichte die Erweiterung des Sortiments an Terroirweinen.<\/p><p>Im Jahr 2014 blieb unsere Leidenschaft ungebrochen und das Weingut wurde TERRA VITIS zertifiziert.<\/p>\t\t\t\t\t\t\t\t<\/div>\n\t\t\t\t\t<\/div>\n\t\t\t\t<\/div>\n\t\t\t\t<\/div>\n\t\t","protected":false},"excerpt":{"rendered":"<p>Das Weingut Ruhlmann Als passionierte unabh\u00e4ngige Winzer ist unser Weingut seit 1958 in Scherwiller, im Herzen des els\u00e4ssischen Weinbaugebiets, ans\u00e4ssig [&hellip;]<\/p>\n","protected":false},"author":2,"featured_media":1468,"parent":0,"menu_order":0,"comment_status":"closed","ping_status":"closed","template":"","meta":{"_acf_changed":false,"site-sidebar-layout":"no-sidebar","site-content-layout":"","ast-site-content-layout":"full-width-container","site-content-style":"default","site-sidebar-style":"default","ast-global-header-display":"","ast-banner-title-visibility":"disabled","ast-main-header-display":"","ast-hfb-above-header-display":"","ast-hfb-below-header-display":"","ast-hfb-mobile-header-display":"","site-post-title":"disabled","ast-breadcrumbs-content":"","ast-featured-img":"disabled","footer-sml-layout":"","ast-disable-related-posts":"","theme-transparent-header-meta":"","adv-header-id-meta":"","stick-header-meta":"","header-above-stick-meta":"","header-main-stick-meta":"","header-below-stick-meta":"","astra-migrate-meta-layouts":"default","ast-page-background-enabled":"default","ast-page-background-meta":{"desktop":{"background-color":"var(--ast-global-color-5)","background-image":"","background-repeat":"repeat","background-position":"center center","background-size":"auto","background-attachment":"scroll","background-type":"","background-media":"","overlay-type":"","overlay-color":"","overlay-opacity":"","overlay-gradient":""},"tablet":{"background-color":"","background-image":"","background-repeat":"repeat","background-position":"center center","background-size":"auto","background-attachment":"scroll","background-type":"","background-media":"","overlay-type":"","overlay-color":"","overlay-opacity":"","overlay-gradient":""},"mobile":{"background-color":"","background-image":"","background-repeat":"repeat","background-position":"center center","background-size":"auto","background-attachment":"scroll","background-type":"","background-media":"","overlay-type":"","overlay-color":"","overlay-opacity":"","overlay-gradient":""}},"ast-content-background-meta":{"desktop":{"background-color":"var(--ast-global-color-4)","background-image":"","background-repeat":"repeat","background-position":"center center","background-size":"auto","background-attachment":"scroll","background-type":"","background-media":"","overlay-type":"","overlay-color":"","overlay-opacity":"","overlay-gradient":""},"tablet":{"background-color":"var(--ast-global-color-4)","background-image":"","background-repeat":"repeat","background-position":"center center","background-size":"auto","background-attachment":"scroll","background-type":"","background-media":"","overlay-type":"","overlay-color":"","overlay-opacity":"","overlay-gradient":""},"mobile":{"background-color":"var(--ast-global-color-4)","background-image":"","background-repeat":"repeat","background-position":"center center","background-size":"auto","background-attachment":"scroll","background-type":"","background-media":"","overlay-type":"","overlay-color":"","overlay-opacity":"","overlay-gradient":""}},"footnotes":""},"class_list":["post-1839","page","type-page","status-publish","has-post-thumbnail","hentry"],"acf":[],"_links":{"self":[{"href":"https:\/\/vinruhlmann.fr\/de\/wp-json\/wp\/v2\/pages\/1839","targetHints":{"allow":["GET"]}}],"collection":[{"href":"https:\/\/vinruhlmann.fr\/de\/wp-json\/wp\/v2\/pages"}],"about":[{"href":"https:\/\/vinruhlmann.fr\/de\/wp-json\/wp\/v2\/types\/page"}],"author":[{"embeddable":true,"href":"https:\/\/vinruhlmann.fr\/de\/wp-json\/wp\/v2\/users\/2"}],"replies":[{"embeddable":true,"href":"https:\/\/vinruhlmann.fr\/de\/wp-json\/wp\/v2\/comments?post=1839"}],"version-history":[{"count":0,"href":"https:\/\/vinruhlmann.fr\/de\/wp-json\/wp\/v2\/pages\/1839\/revisions"}],"wp:featuredmedia":[{"embeddable":true,"href":"https:\/\/vinruhlmann.fr\/de\/wp-json\/wp\/v2\/media\/1468"}],"wp:attachment":[{"href":"https:\/\/vinruhlmann.fr\/de\/wp-json\/wp\/v2\/media?parent=1839"}],"curies":[{"name":"wp","href":"https:\/\/api.w.org\/{rel}","templated":true}]}}