{"id":1681,"date":"2025-07-04T06:06:36","date_gmt":"2025-07-04T04:06:36","guid":{"rendered":"https:\/\/vinruhlmann.fr\/rueckerstattungs-und-rueckgaberichtlinien\/"},"modified":"2025-07-04T06:18:03","modified_gmt":"2025-07-04T04:18:03","slug":"rueckerstattungs-und-rueckgaberichtlinien","status":"publish","type":"page","link":"https:\/\/vinruhlmann.fr\/de\/rueckerstattungs-und-rueckgaberichtlinien\/","title":{"rendered":"R\u00fcckerstattungs- und R\u00fcckgaberichtlinien"},"content":{"rendered":"\n<p><b>Dies ist eine Beispielseite.<\/b><\/p>\n\n<h2 class=\"wp-block-heading\">\u00dcbersicht<\/h2>\n\n<p>Unsere R\u00fcckerstattungs- und R\u00fcckgaberichtlinien gelten f\u00fcr 30 Tage. Sind seit Ihrem Kauf 30 Tage vergangen, k\u00f6nnen wir Ihnen keine vollst\u00e4ndige R\u00fcckerstattung oder Umtausch anbieten. <\/p>\n\n<p>Um f\u00fcr eine R\u00fccksendung berechtigt zu sein, muss Ihr Artikel unbenutzt und in demselben Zustand sein, in dem Sie ihn erhalten haben. Er muss sich auch in der Originalverpackung befinden. <\/p>\n\n<p>Mehrere Arten von Waren sind von der R\u00fccksendung ausgeschlossen. Verderbliche Waren wie Lebensmittel, Blumen, Zeitungen oder Zeitschriften k\u00f6nnen nicht zur\u00fcckgegeben werden. Wir akzeptieren auch keine Produkte, die Intim- oder Hygieneartikel, gef\u00e4hrliche Materialien oder brennbare Fl\u00fcssigkeiten oder Gase sind.  <\/p>\n\n<p>Weitere vom Umtausch ausgeschlossene Artikel:<\/p>\n\n<ul class=\"wp-block-list\"><li>Geschenkkarten<\/li>\n<li>Herunterladbare Softwareprodukte<\/li>\n<li>Einige Gesundheits- und K\u00f6rperpflegeartikel<\/li>\n<\/ul>\n<p>Um Ihre R\u00fccksendung abzuschlie\u00dfen, ben\u00f6tigen wir eine Quittung oder einen Kaufbeleg.<\/p>\n\n<p>Bitte senden Sie Ihren Kauf nicht an den Hersteller zur\u00fcck.<\/p>\n\n<p>Es gibt bestimmte Situationen, in denen nur teilweise R\u00fcckerstattungen gew\u00e4hrt werden:<\/p>\n\n<ul class=\"wp-block-list\"><li>Buch mit offensichtlichen Gebrauchsspuren<\/li>\n<li>CD, DVD, VHS-Kassette, Software, Videospiel, Kassette oder Schallplatte, die ge\u00f6ffnet wurde.<\/li>\n<li>Jeder Artikel, der sich nicht im Originalzustand befindet, besch\u00e4digt ist oder Teile fehlen, aus Gr\u00fcnden, die nicht auf unseren Fehler zur\u00fcckzuf\u00fchren sind.<\/li>\n<li>Jeder Artikel, der mehr als 30 Tage nach Lieferung zur\u00fcckgesendet wird<\/li>\n<\/ul>\n<h2 class=\"wp-block-heading\">R\u00fcckerstattungen<\/h2>\n\n<p>Sobald Ihre R\u00fccksendung eingegangen und gepr\u00fcft wurde, senden wir Ihnen eine E-Mail, um Sie dar\u00fcber zu informieren, dass wir Ihren zur\u00fcckgesendeten Artikel erhalten haben. Wir werden Sie auch \u00fcber die Genehmigung oder Ablehnung Ihrer R\u00fcckerstattung informieren. <\/p>\n\n<p>Wenn Ihre R\u00fcckerstattung genehmigt wird, wird sie bearbeitet und ein Guthaben wird innerhalb einer bestimmten Anzahl von Tagen automatisch Ihrer Kreditkarte oder der urspr\u00fcnglichen Zahlungsmethode gutgeschrieben.<\/p>\n\n<h3 class=\"wp-block-heading\">Versp\u00e4tete oder fehlende R\u00fcckerstattungen<\/h3>\n\n<p>Wenn Sie noch keine R\u00fcckerstattung erhalten haben, \u00fcberpr\u00fcfen Sie zuerst erneut Ihr Bankkonto.<\/p>\n\n<p>Kontaktieren Sie dann Ihr Kreditkartenunternehmen; es kann einige Zeit dauern, bis Ihre R\u00fcckerstattung offiziell verbucht wird.<\/p>\n\n<p>Kontaktieren Sie als N\u00e4chstes Ihre Bank. Es gibt oft eine Bearbeitungszeit, bevor eine R\u00fcckerstattung verbucht wird. <\/p>\n\n<p>Wenn Sie all dies getan haben und Ihre R\u00fcckerstattung immer noch nicht erhalten haben, kontaktieren Sie uns bitte unter {email address}.<\/p>\n\n<h3 class=\"wp-block-heading\">Reduzierte Artikel<\/h3>\n\n<p>Nur Artikel zum regul\u00e4ren Preis k\u00f6nnen zur\u00fcckerstattet werden. Reduzierte Artikel k\u00f6nnen nicht zur\u00fcckerstattet werden. <\/p>\n\n<h2 class=\"wp-block-heading\">Umtausch<\/h2>\n\n<p>Wir ersetzen Artikel nur, wenn sie defekt oder besch\u00e4digt sind. Wenn Sie ihn gegen denselben Artikel umtauschen m\u00fcssen, senden Sie uns eine E-Mail an {email address} und senden Sie Ihren Artikel an: {physical address}. <\/p>\n\n<h2 class=\"wp-block-heading\">Geschenke<\/h2>\n\n<p>Wenn der Artikel beim Kauf als Geschenk gekennzeichnet und direkt an Sie versandt wurde, erhalten Sie eine Geschenkgutschrift f\u00fcr den Wert Ihrer R\u00fccksendung. Sobald der zur\u00fcckgesendete Artikel eingegangen ist, wird Ihnen ein Geschenkgutschein zugesandt. <\/p>\n\n<p>Wenn der Artikel beim Kauf nicht als Geschenk gekennzeichnet war oder der Schenkende die Bestellung an sich selbst versenden lie\u00df, um sie Ihnen sp\u00e4ter zu \u00fcbergeben, senden wir eine R\u00fcckerstattung an den Schenkenden, und dieser wird von Ihrer R\u00fccksendung erfahren.<\/p>\n\n<h2 class=\"wp-block-heading\">R\u00fccksendungen<\/h2>\n\n<p>Um Ihr Produkt zur\u00fcckzusenden, sollten Sie es an folgende Adresse senden: {physical address}.<\/p>\n\n<p>Sie sind f\u00fcr die Versandkosten der R\u00fccksendung Ihres Artikels verantwortlich. Versandkosten sind nicht erstattungsf\u00e4hig. Wenn Sie eine R\u00fcckerstattung erhalten, werden die Kosten f\u00fcr den R\u00fcckversand von Ihrer R\u00fcckerstattung abgezogen.  <\/p>\n\n<p>Je nachdem, wo Sie wohnen, kann die Zeit, die Ihr umgetauschtes Produkt ben\u00f6tigt, um Sie zu erreichen, variieren.<\/p>\n\n<p>Wenn Sie teurere Artikel zur\u00fccksenden, sollten Sie einen verfolgbaren Versanddienst oder eine Versandversicherung in Betracht ziehen. Wir garantieren nicht, dass wir Ihren zur\u00fcckgesendeten Artikel erhalten. <\/p>\n\n<h2 class=\"wp-block-heading\">Ben\u00f6tigen Sie Hilfe?<\/h2>\n\n<p>Kontaktieren Sie uns unter {email} f\u00fcr Fragen zu R\u00fcckerstattungen und R\u00fccksendungen.<\/p>\n","protected":false},"excerpt":{"rendered":"<p>Dies ist eine Beispielseite. \u00dcbersicht Unsere R\u00fcckerstattungs- und R\u00fcckgaberichtlinien gelten f\u00fcr 30 Tage. Sind seit Ihrem Kauf 30 Tage vergangen, [&hellip;]<\/p>\n","protected":false},"author":1,"featured_media":0,"parent":0,"menu_order":0,"comment_status":"closed","ping_status":"closed","template":"","meta":{"_acf_changed":false,"site-sidebar-layout":"default","site-content-layout":"","ast-site-content-layout":"default","site-content-style":"default","site-sidebar-style":"default","ast-global-header-display":"","ast-banner-title-visibility":"","ast-main-header-display":"","ast-hfb-above-header-display":"","ast-hfb-below-header-display":"","ast-hfb-mobile-header-display":"","site-post-title":"","ast-breadcrumbs-content":"","ast-featured-img":"","footer-sml-layout":"","ast-disable-related-posts":"","theme-transparent-header-meta":"","adv-header-id-meta":"","stick-header-meta":"","header-above-stick-meta":"","header-main-stick-meta":"","header-below-stick-meta":"","astra-migrate-meta-layouts":"default","ast-page-background-enabled":"default","ast-page-background-meta":{"desktop":{"background-color":"var(--ast-global-color-5)","background-image":"","background-repeat":"repeat","background-position":"center center","background-size":"auto","background-attachment":"scroll","background-type":"","background-media":"","overlay-type":"","overlay-color":"","overlay-opacity":"","overlay-gradient":""},"tablet":{"background-color":"","background-image":"","background-repeat":"repeat","background-position":"center center","background-size":"auto","background-attachment":"scroll","background-type":"","background-media":"","overlay-type":"","overlay-color":"","overlay-opacity":"","overlay-gradient":""},"mobile":{"background-color":"","background-image":"","background-repeat":"repeat","background-position":"center center","background-size":"auto","background-attachment":"scroll","background-type":"","background-media":"","overlay-type":"","overlay-color":"","overlay-opacity":"","overlay-gradient":""}},"ast-content-background-meta":{"desktop":{"background-color":"var(--ast-global-color-4)","background-image":"","background-repeat":"repeat","background-position":"center center","background-size":"auto","background-attachment":"scroll","background-type":"","background-media":"","overlay-type":"","overlay-color":"","overlay-opacity":"","overlay-gradient":""},"tablet":{"background-color":"var(--ast-global-color-4)","background-image":"","background-repeat":"repeat","background-position":"center center","background-size":"auto","background-attachment":"scroll","background-type":"","background-media":"","overlay-type":"","overlay-color":"","overlay-opacity":"","overlay-gradient":""},"mobile":{"background-color":"var(--ast-global-color-4)","background-image":"","background-repeat":"repeat","background-position":"center center","background-size":"auto","background-attachment":"scroll","background-type":"","background-media":"","overlay-type":"","overlay-color":"","overlay-opacity":"","overlay-gradient":""}},"footnotes":""},"class_list":["post-1681","page","type-page","status-publish","hentry"],"acf":[],"_links":{"self":[{"href":"https:\/\/vinruhlmann.fr\/de\/wp-json\/wp\/v2\/pages\/1681","targetHints":{"allow":["GET"]}}],"collection":[{"href":"https:\/\/vinruhlmann.fr\/de\/wp-json\/wp\/v2\/pages"}],"about":[{"href":"https:\/\/vinruhlmann.fr\/de\/wp-json\/wp\/v2\/types\/page"}],"author":[{"embeddable":true,"href":"https:\/\/vinruhlmann.fr\/de\/wp-json\/wp\/v2\/users\/1"}],"replies":[{"embeddable":true,"href":"https:\/\/vinruhlmann.fr\/de\/wp-json\/wp\/v2\/comments?post=1681"}],"version-history":[{"count":0,"href":"https:\/\/vinruhlmann.fr\/de\/wp-json\/wp\/v2\/pages\/1681\/revisions"}],"wp:attachment":[{"href":"https:\/\/vinruhlmann.fr\/de\/wp-json\/wp\/v2\/media?parent=1681"}],"curies":[{"name":"wp","href":"https:\/\/api.w.org\/{rel}","templated":true}]}}